{"id":639,"date":"2024-08-02T16:57:11","date_gmt":"2024-08-02T16:57:11","guid":{"rendered":"https:\/\/deszkas.com\/?page_id=639"},"modified":"2025-09-23T14:53:39","modified_gmt":"2025-09-23T14:53:39","slug":"salatak","status":"publish","type":"page","link":"https:\/\/deszkas.com\/ro\/salatak\/","title":{"rendered":"Salate"},"content":{"rendered":"<div data-elementor-type=\"wp-page\" data-elementor-id=\"639\" class=\"elementor elementor-639\">\n\t\t\t\t<div class=\"elementor-element elementor-element-bcafedc e-flex e-con-boxed e-con e-parent\" data-id=\"bcafedc\" data-element_type=\"container\">\n\t\t\t\t\t<div class=\"e-con-inner\">\n\t\t\t\t<div class=\"elementor-element elementor-element-c85a86b elementor-widget elementor-widget-heading\" data-id=\"c85a86b\" data-element_type=\"widget\" data-widget_type=\"heading.default\">\n\t\t\t\t<div class=\"elementor-widget-container\">\n\t\t\t\t\t<h1 class=\"elementor-heading-title elementor-size-default\">Salate<\/h1>\t\t\t\t<\/div>\n\t\t\t\t<\/div>\n\t\t\t\t\t<\/div>\n\t\t\t\t<\/div>\n\t\t<div class=\"elementor-element elementor-element-16c72f6 e-flex e-con-boxed e-con e-parent\" data-id=\"16c72f6\" data-element_type=\"container\">\n\t\t\t\t\t<div class=\"e-con-inner\">\n\t\t<div class=\"elementor-element elementor-element-f3b766b e-con-full e-flex e-con e-child\" data-id=\"f3b766b\" data-element_type=\"container\" data-settings=\"{&quot;background_background&quot;:&quot;classic&quot;}\">\n\t\t<div class=\"elementor-element elementor-element-d9943e2 e-grid e-con-full e-con e-child\" data-id=\"d9943e2\" data-element_type=\"container\">\n\t\t\t\t<div class=\"elementor-element elementor-element-8f1d33b elementor-widget elementor-widget-text-editor\" data-id=\"8f1d33b\" data-element_type=\"widget\" data-widget_type=\"text-editor.default\">\n\t\t\t\t<div class=\"elementor-widget-container\">\n\t\t\t\t\t\t\t\t\t\n<span style=\"font-size: 1.5em; font-weight: bold;\">Salat\u0103 de varz\u0103<\/span><span style=\"font-size: 1.5em; font-weight: bold;\">\u00a0&#8211; 100 g<\/span>\n<span style=\"font-weight: 600; font-size: 1.14em;\"><br>(100 g varz\u0103, ulei, sare, zah\u0103r, o\u021bet)<br><\/span>\n<span style=\"font-size: 14.8px;\">Valori nutri\u021bionale per por\u021bie: energie: 103,56 kcal \/ 433,3 kJ; gr\u0103simi: 5,24 g; acizi gra\u0219i satura\u021bi: 0,53 g; carbohidra\u021bi: 5,46 g; zaharuri: 2,1 g; proteine: 4,26 g; sare: 3 g<\/span>\t\t\t\t\t\t\t\t<\/div>\n\t\t\t\t<\/div>\n\t\t\t\t<div class=\"elementor-element elementor-element-e48e91f elementor-widget elementor-widget-heading\" data-id=\"e48e91f\" data-element_type=\"widget\" data-widget_type=\"heading.default\">\n\t\t\t\t<div class=\"elementor-widget-container\">\n\t\t\t\t\t<h2 class=\"elementor-heading-title elementor-size-default\">6,00.-ron<\/h2>\t\t\t\t<\/div>\n\t\t\t\t<\/div>\n\t\t\t\t<\/div>\n\t\t\t\t<\/div>\n\t\t<div class=\"elementor-element elementor-element-2988987 e-con-full e-flex e-con e-child\" data-id=\"2988987\" data-element_type=\"container\" data-settings=\"{&quot;background_background&quot;:&quot;classic&quot;}\">\n\t\t<div class=\"elementor-element elementor-element-6b67067 e-grid e-con-full e-con e-child\" data-id=\"6b67067\" data-element_type=\"container\">\n\t\t\t\t<div class=\"elementor-element elementor-element-ed66af5 elementor-widget elementor-widget-text-editor\" data-id=\"ed66af5\" data-element_type=\"widget\" data-widget_type=\"text-editor.default\">\n\t\t\t\t<div class=\"elementor-widget-container\">\n\t\t\t\t\t\t\t\t\t<span style=\"font-size: 1.5em; font-weight: bold;\">Salat\u0103 de ro\u0219ii<\/span><span style=\"font-size: 1.5em; font-weight: bold;\">\u00a0&#8211; 100 g<\/span>\n<span style=\"font-weight: 600; font-size: 1.14em;\"><br>(100 g ro\u0219ii, sare)<br><\/span>\n<span style=\"font-size: 14.8px;\">Valori nutri\u021bionale per por\u021bie: energie: 155 kcal \/ 648,52 kJ; gr\u0103simi: 10,3 g; gr\u0103simi saturate: 0,04 g; carbohidra\u021bi: 6,58 g; zaharuri: 3,95 g; proteine: 10,32 g; sare: 3 g<\/span>\t\t\t\t\t\t\t\t<\/div>\n\t\t\t\t<\/div>\n\t\t\t\t<div class=\"elementor-element elementor-element-5e5973b elementor-widget elementor-widget-heading\" data-id=\"5e5973b\" data-element_type=\"widget\" data-widget_type=\"heading.default\">\n\t\t\t\t<div class=\"elementor-widget-container\">\n\t\t\t\t\t<h2 class=\"elementor-heading-title elementor-size-default\">6,00.-ron<\/h2>\t\t\t\t<\/div>\n\t\t\t\t<\/div>\n\t\t\t\t<\/div>\n\t\t\t\t<\/div>\n\t\t<div class=\"elementor-element elementor-element-e932377 e-con-full e-flex e-con e-child\" data-id=\"e932377\" data-element_type=\"container\" data-settings=\"{&quot;background_background&quot;:&quot;classic&quot;}\">\n\t\t<div class=\"elementor-element elementor-element-f7e6ec2 e-grid e-con-full e-con e-child\" data-id=\"f7e6ec2\" data-element_type=\"container\">\n\t\t\t\t<div class=\"elementor-element elementor-element-4f230ca elementor-widget elementor-widget-text-editor\" data-id=\"4f230ca\" data-element_type=\"widget\" data-widget_type=\"text-editor.default\">\n\t\t\t\t<div class=\"elementor-widget-container\">\n\t\t\t\t\t\t\t\t\t<span style=\"font-size: 1.5em; font-weight: bold;\">Salat\u0103 de castrave\u021bi<\/span><span style=\"font-size: 1.5em; font-weight: bold;\">\u00a0&#8211; 100 g<\/span>\n<span style=\"font-weight: 600; font-size: 1.14em;\"><br>(70 g castravete, 30 g ceap\u0103, sare)<br><\/span>\n<span style=\"font-size: 14.8px;\">Valori nutri\u021bionale per por\u021bie: energie: 103,56 kcal \/ 433,3 kJ; gr\u0103simi: 5,24 g; acizi gra\u0219i satura\u021bi: 0,53 g; carbohidra\u021bi: 5,46 g; zaharuri: 2,1 g; proteine: 4,26 g; sare: 3 g<\/span>\t\t\t\t\t\t\t\t<\/div>\n\t\t\t\t<\/div>\n\t\t\t\t<div class=\"elementor-element elementor-element-f7eeaa9 elementor-widget elementor-widget-heading\" data-id=\"f7eeaa9\" data-element_type=\"widget\" data-widget_type=\"heading.default\">\n\t\t\t\t<div class=\"elementor-widget-container\">\n\t\t\t\t\t<h2 class=\"elementor-heading-title elementor-size-default\">6,00.-ron<\/h2>\t\t\t\t<\/div>\n\t\t\t\t<\/div>\n\t\t\t\t<\/div>\n\t\t\t\t<\/div>\n\t\t<div class=\"elementor-element elementor-element-4e4a83f e-con-full e-flex e-con e-child\" data-id=\"4e4a83f\" data-element_type=\"container\" data-settings=\"{&quot;background_background&quot;:&quot;classic&quot;}\">\n\t\t<div class=\"elementor-element elementor-element-8b45f0d e-grid e-con-full e-con e-child\" data-id=\"8b45f0d\" data-element_type=\"container\">\n\t\t\t\t<div class=\"elementor-element elementor-element-ba3bc2f elementor-widget elementor-widget-text-editor\" data-id=\"ba3bc2f\" data-element_type=\"widget\" data-widget_type=\"text-editor.default\">\n\t\t\t\t<div class=\"elementor-widget-container\">\n\t\t\t\t\t\t\t\t\t<span style=\"font-size: 1.5em; font-weight: bold;\">Salat\u0103 asortat\u0103 proasp\u0103t\u0103<\/span><span style=\"font-size: 1.5em; font-weight: bold;\">\u00a0&#8211; 100 g<\/span>\n<span style=\"font-weight: 600; font-size: 1.14em;\"><br>(30 g varz\u0103, 30 g castravete, 30 g ro\u0219ii, sare)<br><\/span>\n<span style=\"font-size: 14.8px;\">Valori nutri\u021bionale per por\u021bie: energie: 56,46 kcal \/ 236,22 kJ; gr\u0103simi: 0,33 g; gr\u0103simi saturate: 0,04 g; carbohidra\u021bi: 6,49 g; zaharuri: 2,01 g; proteine: 3,78 g; sare: 2 g<\/span>\t\t\t\t\t\t\t\t<\/div>\n\t\t\t\t<\/div>\n\t\t\t\t<div class=\"elementor-element elementor-element-50a04ec elementor-widget elementor-widget-heading\" data-id=\"50a04ec\" data-element_type=\"widget\" data-widget_type=\"heading.default\">\n\t\t\t\t<div class=\"elementor-widget-container\">\n\t\t\t\t\t<h2 class=\"elementor-heading-title elementor-size-default\">6,00.-ron<\/h2>\t\t\t\t<\/div>\n\t\t\t\t<\/div>\n\t\t\t\t<\/div>\n\t\t\t\t<\/div>\n\t\t<div class=\"elementor-element elementor-element-1d28d5f e-con-full e-flex e-con e-child\" data-id=\"1d28d5f\" data-element_type=\"container\" data-settings=\"{&quot;background_background&quot;:&quot;classic&quot;}\">\n\t\t<div class=\"elementor-element elementor-element-0030455 e-grid e-con-full e-con e-child\" data-id=\"0030455\" data-element_type=\"container\">\n\t\t\t\t<div class=\"elementor-element elementor-element-4e17f0a elementor-widget elementor-widget-text-editor\" data-id=\"4e17f0a\" data-element_type=\"widget\" data-widget_type=\"text-editor.default\">\n\t\t\t\t<div class=\"elementor-widget-container\">\n\t\t\t\t\t\t\t\t\t<span style=\"font-size: 1.5em; font-weight: bold;\">Castrave\u021bi mura\u021bi<\/span><span style=\"font-size: 1.5em; font-weight: bold;\">\u00a0&#8211; 100 g<\/span>\n<span style=\"font-weight: 600; font-size: 1.14em;\"><br>(100 g castravete murat)<br><\/span>\n<span style=\"font-size: 14.8px;\">Valori nutri\u021bionale per por\u021bie: energie: 22 kcal \/ 92,05 kJ; gr\u0103simi: 0,4 g; gr\u0103simi saturate: 0,1 g; carbohidra\u021bi: 4,52 g; zaharuri: 2,12 g; proteine: 0,66 g; sare: 2,41 g<\/span>\t\t\t\t\t\t\t\t<\/div>\n\t\t\t\t<\/div>\n\t\t\t\t<div class=\"elementor-element elementor-element-b03de5f elementor-widget elementor-widget-heading\" data-id=\"b03de5f\" data-element_type=\"widget\" data-widget_type=\"heading.default\">\n\t\t\t\t<div class=\"elementor-widget-container\">\n\t\t\t\t\t<h2 class=\"elementor-heading-title elementor-size-default\">7,00.-ron<\/h2>\t\t\t\t<\/div>\n\t\t\t\t<\/div>\n\t\t\t\t<\/div>\n\t\t\t\t<\/div>\n\t\t<div class=\"elementor-element elementor-element-f1f98ee e-con-full e-flex e-con e-child\" data-id=\"f1f98ee\" data-element_type=\"container\" data-settings=\"{&quot;background_background&quot;:&quot;classic&quot;}\">\n\t\t<div class=\"elementor-element elementor-element-b4957ee e-grid e-con-full e-con e-child\" data-id=\"b4957ee\" data-element_type=\"container\">\n\t\t\t\t<div class=\"elementor-element elementor-element-43f9620 elementor-widget elementor-widget-text-editor\" data-id=\"43f9620\" data-element_type=\"widget\" data-widget_type=\"text-editor.default\">\n\t\t\t\t<div class=\"elementor-widget-container\">\n\t\t\t\t\t\t\t\t\t<span style=\"font-size: 1.5em; font-weight: bold;\">Salat\u0103 asortat\u0103 murat\u0103<\/span><span style=\"font-size: 1.5em; font-weight: bold;\">\u00a0&#8211; 100 g<\/span>\n<span style=\"font-weight: 600; font-size: 1.14em;\"><br>(30 g varz\u0103, 30 g castravete murat, 30 g ciuperci murate cu ardei)<br><\/span>\n<span style=\"font-size: 14.8px;\">Valori nutri\u021bionale per por\u021bie: energie: 29 kcal \/ 121,34 kJ; gr\u0103simi: 0,7 g; gr\u0103simi saturate: 0,35 g; carbohidra\u021bi: 4,96 g; zaharuri: 2,06 g; proteine: 1,03 g; sare: 3,2 g<\/span>\t\t\t\t\t\t\t\t<\/div>\n\t\t\t\t<\/div>\n\t\t\t\t<div class=\"elementor-element elementor-element-b58b6c8 elementor-widget elementor-widget-heading\" data-id=\"b58b6c8\" data-element_type=\"widget\" data-widget_type=\"heading.default\">\n\t\t\t\t<div class=\"elementor-widget-container\">\n\t\t\t\t\t<h2 class=\"elementor-heading-title elementor-size-default\">7,00.-ron<\/h2>\t\t\t\t<\/div>\n\t\t\t\t<\/div>\n\t\t\t\t<\/div>\n\t\t\t\t<\/div>\n\t\t<div class=\"elementor-element elementor-element-0ab7f0e e-con-full e-flex e-con e-child\" data-id=\"0ab7f0e\" data-element_type=\"container\" data-settings=\"{&quot;background_background&quot;:&quot;classic&quot;}\">\n\t\t<div class=\"elementor-element elementor-element-36bc91e e-grid e-con-full e-con e-child\" data-id=\"36bc91e\" data-element_type=\"container\">\n\t\t\t\t<div class=\"elementor-element elementor-element-093d0c6 elementor-widget elementor-widget-text-editor\" data-id=\"093d0c6\" data-element_type=\"widget\" data-widget_type=\"text-editor.default\">\n\t\t\t\t<div class=\"elementor-widget-container\">\n\t\t\t\t\t\t\t\t\t<p><span style=\"font-size: 1.5em; font-weight: bold;\">Gogo\u0219ari<\/span><span style=\"font-size: 1.5em; font-weight: bold;\"> &#8211; 100 g<\/span><span style=\"font-weight: 600; font-size: 1.14em;\"><br \/>(100 g ciuperci murate cu ardei)<\/span><br \/><span style=\"font-size: 14.8px;\">Valori nutri\u021bionale per por\u021bie: energie: 36 kcal \/ 150,62 kJ; gr\u0103simi: 1 g; gr\u0103simi saturate: 0,6 g; carbohidra\u021bi: 5,4 g; zaharuri: 2 g; proteine: 1,4 g; sare: 4 g<\/span><\/p>\t\t\t\t\t\t\t\t<\/div>\n\t\t\t\t<\/div>\n\t\t\t\t<div class=\"elementor-element elementor-element-643304b elementor-widget elementor-widget-heading\" data-id=\"643304b\" data-element_type=\"widget\" data-widget_type=\"heading.default\">\n\t\t\t\t<div class=\"elementor-widget-container\">\n\t\t\t\t\t<h2 class=\"elementor-heading-title elementor-size-default\">7,00.-ron<\/h2>\t\t\t\t<\/div>\n\t\t\t\t<\/div>\n\t\t\t\t<\/div>\n\t\t\t\t<\/div>\n\t\t<div class=\"elementor-element elementor-element-3b1147e e-con-full e-flex e-con e-child\" data-id=\"3b1147e\" data-element_type=\"container\" data-settings=\"{&quot;background_background&quot;:&quot;classic&quot;}\">\n\t\t<div class=\"elementor-element elementor-element-7cd38fd e-grid e-con-full e-con e-child\" data-id=\"7cd38fd\" data-element_type=\"container\">\n\t\t\t\t<div class=\"elementor-element elementor-element-c4f14d0 elementor-widget elementor-widget-text-editor\" data-id=\"c4f14d0\" data-element_type=\"widget\" data-widget_type=\"text-editor.default\">\n\t\t\t\t<div class=\"elementor-widget-container\">\n\t\t\t\t\t\t\t\t\t<span style=\"font-size: 1.5em; font-weight: bold;\">Salat\u0103 de pui<\/span><span style=\"font-size: 1.5em; font-weight: bold;\">\u00a0&#8211; 350 g<\/span>\n<span style=\"font-weight: 600; font-size: 1.14em;\"><br>(100 g piept de pui, 75 g ro\u0219ii, 75 g castravete, 100 g salat\u0103, sos)<br><\/span>\n<span style=\"font-size: 14.8px;\">Valori nutri\u021bionale per por\u021bie: energie: 567,89 kcal \/ 2376,05 kJ; gr\u0103simi: 13,38 g; gr\u0103simi saturate: 2,07 g; carbohidra\u021bi: 76,7 g; zaharuri: 4,12 g; proteine: 39,48 g; sare: 4,11 g<\/span>\t\t\t\t\t\t\t\t<\/div>\n\t\t\t\t<\/div>\n\t\t\t\t<div class=\"elementor-element elementor-element-5c9c15c elementor-widget elementor-widget-heading\" data-id=\"5c9c15c\" data-element_type=\"widget\" data-widget_type=\"heading.default\">\n\t\t\t\t<div class=\"elementor-widget-container\">\n\t\t\t\t\t<h2 class=\"elementor-heading-title elementor-size-default\">23,00.-ron<\/h2>\t\t\t\t<\/div>\n\t\t\t\t<\/div>\n\t\t\t\t<\/div>\n\t\t\t\t<\/div>\n\t\t<div class=\"elementor-element elementor-element-5325592 e-con-full e-flex e-con e-child\" data-id=\"5325592\" data-element_type=\"container\" data-settings=\"{&quot;background_background&quot;:&quot;classic&quot;}\">\n\t\t<div class=\"elementor-element elementor-element-125ce03 e-grid e-con-full e-con e-child\" data-id=\"125ce03\" data-element_type=\"container\">\n\t\t\t\t<div class=\"elementor-element elementor-element-8de1a5b elementor-widget elementor-widget-text-editor\" data-id=\"8de1a5b\" data-element_type=\"widget\" data-widget_type=\"text-editor.default\">\n\t\t\t\t<div class=\"elementor-widget-container\">\n\t\t\t\t\t\t\t\t\t<span style=\"font-size: 1.5em; font-weight: bold;\">Salat\u0103 bulg\u0103reasc\u0103<\/span><span style=\"font-size: 1.5em; font-weight: bold;\">\u00a0&#8211; 350 g<\/span>\n<span style=\"font-weight: 600; font-size: 1.14em;\"><br>(100 g ro\u0219ii, 100 g castravete, 75 g \u0219unc\u0103, 75 g ou)<br><\/span>\n<span style=\"font-size: 14.8px;\">Valori nutri\u021bionale per por\u021bie: energie: 1094,9 kcal \/ 4581,14 kJ; gr\u0103simi: 73,60 g; gr\u0103simi saturate: 17,4 g; carbohidra\u021bi: 42,86 g; zaharuri: 8,19 g; proteine: 45,25 g; sare: 5,73 g<\/span>\t\t\t\t\t\t\t\t<\/div>\n\t\t\t\t<\/div>\n\t\t\t\t<div class=\"elementor-element elementor-element-801d1a3 elementor-widget elementor-widget-heading\" data-id=\"801d1a3\" data-element_type=\"widget\" data-widget_type=\"heading.default\">\n\t\t\t\t<div class=\"elementor-widget-container\">\n\t\t\t\t\t<h2 class=\"elementor-heading-title elementor-size-default\">20,00.-ron<\/h2>\t\t\t\t<\/div>\n\t\t\t\t<\/div>\n\t\t\t\t<\/div>\n\t\t\t\t<\/div>\n\t\t<div class=\"elementor-element elementor-element-9c2abe0 e-con-full e-flex e-con e-child\" data-id=\"9c2abe0\" data-element_type=\"container\" data-settings=\"{&quot;background_background&quot;:&quot;classic&quot;}\">\n\t\t<div class=\"elementor-element elementor-element-5f3265b e-grid e-con-full e-con e-child\" data-id=\"5f3265b\" data-element_type=\"container\">\n\t\t\t\t<div class=\"elementor-element elementor-element-ef3dce5 elementor-widget elementor-widget-text-editor\" data-id=\"ef3dce5\" data-element_type=\"widget\" data-widget_type=\"text-editor.default\">\n\t\t\t\t<div class=\"elementor-widget-container\">\n\t\t\t\t\t\t\t\t\t<span style=\"font-size: 1.5em; font-weight: bold;\">Salat\u0103 greceasc\u0103<\/span><span style=\"font-size: 1.5em; font-weight: bold;\">\u00a0&#8211; 350 g<\/span>\n<span style=\"font-weight: 600; font-size: 1.14em;\"><br>(75 g salat\u0103, 75 g ro\u0219ii, 50 g castravete, 50 g ardei, 50 g br\u00e2nz\u0103 feta, 50 g m\u0103sline)<br><\/span>\n<span style=\"font-size: 14.8px;\">Valori nutri\u021bionale per por\u021bie: energie: 546,8 kcal \/ 2288 kJ; gr\u0103simi: 12,37 g; gr\u0103simi saturate: 1,83 g; carbohidra\u021bi: 93,73 g; zaharuri: 4,7 g; proteine: 20,26 g; sare: 7,65 g<\/span>\t\t\t\t\t\t\t\t<\/div>\n\t\t\t\t<\/div>\n\t\t\t\t<div class=\"elementor-element elementor-element-182e3b5 elementor-widget elementor-widget-heading\" data-id=\"182e3b5\" data-element_type=\"widget\" data-widget_type=\"heading.default\">\n\t\t\t\t<div class=\"elementor-widget-container\">\n\t\t\t\t\t<h2 class=\"elementor-heading-title elementor-size-default\">20,00.-ron<\/h2>\t\t\t\t<\/div>\n\t\t\t\t<\/div>\n\t\t\t\t<\/div>\n\t\t\t\t<\/div>\n\t\t\t\t\t<\/div>\n\t\t\t\t<\/div>\n\t\t<div class=\"elementor-element elementor-element-3ae63a7 e-flex e-con-boxed e-con e-parent\" data-id=\"3ae63a7\" data-element_type=\"container\">\n\t\t\t\t\t<div class=\"e-con-inner\">\n\t\t\t\t<div class=\"elementor-element elementor-element-90a7af6 elementor-widget-divider--view-line elementor-widget elementor-widget-divider\" data-id=\"90a7af6\" data-element_type=\"widget\" data-widget_type=\"divider.default\">\n\t\t\t\t<div class=\"elementor-widget-container\">\n\t\t\t\t\t\t\t<div class=\"elementor-divider\">\n\t\t\t<span class=\"elementor-divider-separator\">\n\t\t\t\t\t\t<\/span>\n\t\t<\/div>\n\t\t\t\t\t\t<\/div>\n\t\t\t\t<\/div>\n\t\t\t\t\t<\/div>\n\t\t\t\t<\/div>\n\t\t\t\t<\/div>","protected":false},"excerpt":{"rendered":"<p>Sal\u00e1t\u00e1k K\u00e1posztasal\u00e1ta\u00a0&#8211; 100 g (100 g k\u00e1poszta, olaj, s\u00f3, cukor, ecet) T\u00e1p\u00e9rt\u00e9k\/adag: energia: 103,56 kcal \/ 433,3 kJ; zs\u00edr: 5,24 g; tel\u00edtett zs\u00edrsavak: 0,53 g; sz\u00e9nhidr\u00e1t: 5,46 g; cukrok: 2,1 g; feh\u00e9rj\u00e9k: 4,26 g; s\u00f3: 3 g 6,00.-ron Paradicsomsal\u00e1ta\u00a0&#8211; 100 g (100 g paradicsom, s\u00f3) T\u00e1p\u00e9rt\u00e9k\/adag: energia: 155 kcal \/ 648,52 kJ; zs\u00edr: 10,3 g; [&hellip;]<\/p>","protected":false},"author":1,"featured_media":0,"parent":0,"menu_order":0,"comment_status":"closed","ping_status":"closed","template":"","meta":{"footnotes":""},"class_list":["post-639","page","type-page","status-publish","hentry"],"blocksy_meta":[],"_links":{"self":[{"href":"https:\/\/deszkas.com\/ro\/wp-json\/wp\/v2\/pages\/639","targetHints":{"allow":["GET"]}}],"collection":[{"href":"https:\/\/deszkas.com\/ro\/wp-json\/wp\/v2\/pages"}],"about":[{"href":"https:\/\/deszkas.com\/ro\/wp-json\/wp\/v2\/types\/page"}],"author":[{"embeddable":true,"href":"https:\/\/deszkas.com\/ro\/wp-json\/wp\/v2\/users\/1"}],"replies":[{"embeddable":true,"href":"https:\/\/deszkas.com\/ro\/wp-json\/wp\/v2\/comments?post=639"}],"version-history":[{"count":37,"href":"https:\/\/deszkas.com\/ro\/wp-json\/wp\/v2\/pages\/639\/revisions"}],"predecessor-version":[{"id":1676,"href":"https:\/\/deszkas.com\/ro\/wp-json\/wp\/v2\/pages\/639\/revisions\/1676"}],"wp:attachment":[{"href":"https:\/\/deszkas.com\/ro\/wp-json\/wp\/v2\/media?parent=639"}],"curies":[{"name":"wp","href":"https:\/\/api.w.org\/{rel}","templated":true}]}}