{"id":632,"date":"2024-08-02T16:47:39","date_gmt":"2024-08-02T16:47:39","guid":{"rendered":"https:\/\/deszkas.com\/?page_id=632"},"modified":"2025-09-23T14:54:59","modified_gmt":"2025-09-23T14:54:59","slug":"desszert","status":"publish","type":"page","link":"https:\/\/deszkas.com\/ro\/menu\/desszert\/","title":{"rendered":"Desszert"},"content":{"rendered":"<div data-elementor-type=\"wp-page\" data-elementor-id=\"632\" class=\"elementor elementor-632\">\n\t\t\t\t<div class=\"elementor-element elementor-element-ea3381f e-flex e-con-boxed e-con e-parent\" data-id=\"ea3381f\" data-element_type=\"container\">\n\t\t\t\t\t<div class=\"e-con-inner\">\n\t\t\t\t<div class=\"elementor-element elementor-element-094e2cc elementor-widget elementor-widget-heading\" data-id=\"094e2cc\" data-element_type=\"widget\" data-widget_type=\"heading.default\">\n\t\t\t\t<div class=\"elementor-widget-container\">\n\t\t\t\t\t<h1 class=\"elementor-heading-title elementor-size-default\">Deserturi<\/h1>\t\t\t\t<\/div>\n\t\t\t\t<\/div>\n\t\t\t\t\t<\/div>\n\t\t\t\t<\/div>\n\t\t<div class=\"elementor-element elementor-element-d29c4a7 e-flex e-con-boxed e-con e-parent\" data-id=\"d29c4a7\" data-element_type=\"container\">\n\t\t\t\t\t<div class=\"e-con-inner\">\n\t\t<div class=\"elementor-element elementor-element-f1ae981 e-con-full e-flex e-con e-child\" data-id=\"f1ae981\" data-element_type=\"container\" data-settings=\"{&quot;background_background&quot;:&quot;classic&quot;}\">\n\t\t<div class=\"elementor-element elementor-element-045705d e-grid e-con-full e-con e-child\" data-id=\"045705d\" data-element_type=\"container\">\n\t\t\t\t<div class=\"elementor-element elementor-element-db1e05c elementor-widget elementor-widget-text-editor\" data-id=\"db1e05c\" data-element_type=\"widget\" data-widget_type=\"text-editor.default\">\n\t\t\t\t<div class=\"elementor-widget-container\">\n\t\t\t\t\t\t\t\t\t<p><span style=\"font-size: 1.4em; font-weight: bold;\">Melba (sezonier\u0103)<\/span><span style=\"font-size: 1.5em; font-weight: bold;\"> &#8211; 200g<\/span><span style=\"font-weight: 600; font-size: 1.14em;\"><br \/>(50 g \u00eenghe\u021bat\u0103 vanilie, 50 g \u00eenghe\u021bat\u0103 ciocolat\u0103, 50 g \u00eenghe\u021bat\u0103 c\u0103p\u0219uni, biscui\u021bi pentru bebelu\u0219i)<\/span><br \/><span style=\"font-size: 14.8px;\">Valori nutri\u021bionale per por\u021bie: energie: 384 kcal \/ 1623 kJ; gr\u0103simi: 9,6 g; gr\u0103simi saturate: 7,2 g; carbohidra\u021bi: 69 g; zaharuri: 54 g; proteine: 5,1 g; sare: 0,75 g<\/span><\/p>\t\t\t\t\t\t\t\t<\/div>\n\t\t\t\t<\/div>\n\t\t\t\t<div class=\"elementor-element elementor-element-ca9862d elementor-widget elementor-widget-heading\" data-id=\"ca9862d\" data-element_type=\"widget\" data-widget_type=\"heading.default\">\n\t\t\t\t<div class=\"elementor-widget-container\">\n\t\t\t\t\t<h2 class=\"elementor-heading-title elementor-size-default\">12,00.-ron<\/h2>\t\t\t\t<\/div>\n\t\t\t\t<\/div>\n\t\t\t\t<\/div>\n\t\t\t\t<\/div>\n\t\t<div class=\"elementor-element elementor-element-6d9d693 e-con-full e-flex e-con e-child\" data-id=\"6d9d693\" data-element_type=\"container\" data-settings=\"{&quot;background_background&quot;:&quot;classic&quot;}\">\n\t\t<div class=\"elementor-element elementor-element-95623f1 e-grid e-con-full e-con e-child\" data-id=\"95623f1\" data-element_type=\"container\">\n\t\t\t\t<div class=\"elementor-element elementor-element-972ae8d elementor-widget elementor-widget-text-editor\" data-id=\"972ae8d\" data-element_type=\"widget\" data-widget_type=\"text-editor.default\">\n\t\t\t\t<div class=\"elementor-widget-container\">\n\t\t\t\t\t\t\t\t\t<p><span style=\"font-size: 1.4em; font-weight: bold;\">Cl\u0103tite cu gem<\/span><span style=\"font-size: 1.5em; font-weight: bold;\"> &#8211; 350g<\/span><span style=\"font-weight: 600; font-size: 1.14em;\"><br \/>(f\u0103in\u0103, ou\u0103, lapte, zah\u0103r, sare, ap\u0103 mineral\u0103, gem)<\/span><br \/><span style=\"font-size: 14.8px;\">Valori nutri\u021bionale per por\u021bie: energie: 588,48 kcal \/ 2459,85 kJ; gr\u0103simi: 13,47 g; gr\u0103simi saturate: 3 g; carbohidra\u021bi: 102,81 g; zaharuri: 56,49 g; proteine: 12,96 g; sare: 5 g<\/span><\/p>\t\t\t\t\t\t\t\t<\/div>\n\t\t\t\t<\/div>\n\t\t\t\t<div class=\"elementor-element elementor-element-6cceaed elementor-widget elementor-widget-heading\" data-id=\"6cceaed\" data-element_type=\"widget\" data-widget_type=\"heading.default\">\n\t\t\t\t<div class=\"elementor-widget-container\">\n\t\t\t\t\t<h2 class=\"elementor-heading-title elementor-size-default\">8,00.-ron<\/h2>\t\t\t\t<\/div>\n\t\t\t\t<\/div>\n\t\t\t\t<\/div>\n\t\t\t\t<\/div>\n\t\t<div class=\"elementor-element elementor-element-77d8e9a e-con-full e-flex e-con e-child\" data-id=\"77d8e9a\" data-element_type=\"container\" data-settings=\"{&quot;background_background&quot;:&quot;classic&quot;}\">\n\t\t<div class=\"elementor-element elementor-element-30a2871 e-grid e-con-full e-con e-child\" data-id=\"30a2871\" data-element_type=\"container\">\n\t\t\t\t<div class=\"elementor-element elementor-element-b8203bf elementor-widget elementor-widget-text-editor\" data-id=\"b8203bf\" data-element_type=\"widget\" data-widget_type=\"text-editor.default\">\n\t\t\t\t<div class=\"elementor-widget-container\">\n\t\t\t\t\t\t\t\t\t<p><span style=\"font-size: 1.4em; font-weight: bold;\">Cl\u0103tite cu ciocolat\u0103<\/span><span style=\"font-size: 1.5em; font-weight: bold;\"> &#8211; 350g<\/span><span style=\"font-weight: 600; font-size: 1.14em;\"><br \/>(f\u0103in\u0103, ou\u0103, lapte, zah\u0103r, sare, ap\u0103 mineral\u0103, crem\u0103 de ciocolat\u0103)<\/span><br \/><span style=\"font-size: 14.8px;\">Valori nutri\u021bionale per por\u021bie: energie: 1107 kcal \/ 4632 kJ; gr\u0103simi: 51 g; gr\u0103simi saturate: 17,4 g; carbohidra\u021bi: 141 g; zaharuri: 54 g; proteine: 22,5 g; sare: 5 g<\/span><\/p>\t\t\t\t\t\t\t\t<\/div>\n\t\t\t\t<\/div>\n\t\t\t\t<div class=\"elementor-element elementor-element-7a84b5e elementor-widget elementor-widget-heading\" data-id=\"7a84b5e\" data-element_type=\"widget\" data-widget_type=\"heading.default\">\n\t\t\t\t<div class=\"elementor-widget-container\">\n\t\t\t\t\t<h2 class=\"elementor-heading-title elementor-size-default\">10,00.-ron<\/h2>\t\t\t\t<\/div>\n\t\t\t\t<\/div>\n\t\t\t\t<\/div>\n\t\t\t\t<\/div>\n\t\t<div class=\"elementor-element elementor-element-c6aecf1 e-con-full e-flex e-con e-child\" data-id=\"c6aecf1\" data-element_type=\"container\" data-settings=\"{&quot;background_background&quot;:&quot;classic&quot;}\">\n\t\t<div class=\"elementor-element elementor-element-a038c8a e-grid e-con-full e-con e-child\" data-id=\"a038c8a\" data-element_type=\"container\">\n\t\t\t\t<div class=\"elementor-element elementor-element-fd1bbb3 elementor-widget elementor-widget-text-editor\" data-id=\"fd1bbb3\" data-element_type=\"widget\" data-widget_type=\"text-editor.default\">\n\t\t\t\t<div class=\"elementor-widget-container\">\n\t\t\t\t\t\t\t\t\t<p><span style=\"font-size: 1.4em; font-weight: bold;\">Papana\u0219i<\/span><span style=\"font-size: 1.5em; font-weight: bold;\"> &#8211; 200g<\/span><span style=\"font-weight: 600; font-size: 1.14em;\"><br \/>(2 gogo\u0219i cu br\u00e2nz\u0103 de vaci, sm\u00e2nt\u00e2n\u0103 dulce, gem de afine)<\/span><br \/><span style=\"font-size: 14.8px;\">Valori nutri\u021bionale per por\u021bie: energie: 1447,48 kcal \/ 6056,24 kJ; gr\u0103simi: 113,82 g; gr\u0103simi saturate: 20,42 g; carbohidra\u021bi: 95,26 g; zaharuri: 7,96 g; proteine: 15,54 g; sare: 25,63 g<\/span><\/p>\t\t\t\t\t\t\t\t<\/div>\n\t\t\t\t<\/div>\n\t\t\t\t<div class=\"elementor-element elementor-element-841403b elementor-widget elementor-widget-heading\" data-id=\"841403b\" data-element_type=\"widget\" data-widget_type=\"heading.default\">\n\t\t\t\t<div class=\"elementor-widget-container\">\n\t\t\t\t\t<h2 class=\"elementor-heading-title elementor-size-default\">10,00.-ron<\/h2>\t\t\t\t<\/div>\n\t\t\t\t<\/div>\n\t\t\t\t<\/div>\n\t\t\t\t<\/div>\n\t\t<div class=\"elementor-element elementor-element-a7a5cf6 e-con-full e-flex e-con e-child\" data-id=\"a7a5cf6\" data-element_type=\"container\" data-settings=\"{&quot;background_background&quot;:&quot;classic&quot;}\">\n\t\t<div class=\"elementor-element elementor-element-f4908d8 e-grid e-con-full e-con e-child\" data-id=\"f4908d8\" data-element_type=\"container\">\n\t\t\t\t<div class=\"elementor-element elementor-element-0aeab4b elementor-widget elementor-widget-text-editor\" data-id=\"0aeab4b\" data-element_type=\"widget\" data-widget_type=\"text-editor.default\">\n\t\t\t\t<div class=\"elementor-widget-container\">\n\t\t\t\t\t\t\t\t\t<p><span style=\"font-size: 1.5em; font-weight: bold;\">G\u0103lu\u0219te cu prune<\/span><span style=\"font-size: 1.5em; font-weight: bold;\"> &#8211; 75g<\/span><span style=\"font-weight: 600; font-size: 1.14em;\"><br \/>(1 g\u0103lu\u0219te cu prune, zah\u0103r pudr\u0103, topping de fructe)<\/span><br \/><span style=\"font-size: 14.8px;\">Valori nutri\u021bionale per por\u021bie: energie: 152 kcal \/ 635,96 kJ; gr\u0103simi: 29 g; gr\u0103simi saturate: 0,3 g; carbohidra\u021bi: 29 g; zaharuri: 16 g; proteine: 3 g; sare: 0,2 g<\/span><\/p>\t\t\t\t\t\t\t\t<\/div>\n\t\t\t\t<\/div>\n\t\t\t\t<div class=\"elementor-element elementor-element-676a493 elementor-widget elementor-widget-heading\" data-id=\"676a493\" data-element_type=\"widget\" data-widget_type=\"heading.default\">\n\t\t\t\t<div class=\"elementor-widget-container\">\n\t\t\t\t\t<h2 class=\"elementor-heading-title elementor-size-default\">6,00.-ron<\/h2>\t\t\t\t<\/div>\n\t\t\t\t<\/div>\n\t\t\t\t<\/div>\n\t\t\t\t<\/div>\n\t\t<div class=\"elementor-element elementor-element-1815769 e-con-full e-flex e-con e-child\" data-id=\"1815769\" data-element_type=\"container\" data-settings=\"{&quot;background_background&quot;:&quot;classic&quot;}\">\n\t\t<div class=\"elementor-element elementor-element-a28d711 e-grid e-con-full e-con e-child\" data-id=\"a28d711\" data-element_type=\"container\">\n\t\t\t\t<div class=\"elementor-element elementor-element-fc42c88 elementor-widget elementor-widget-text-editor\" data-id=\"fc42c88\" data-element_type=\"widget\" data-widget_type=\"text-editor.default\">\n\t\t\t\t<div class=\"elementor-widget-container\">\n\t\t\t\t\t\t\t\t\t<p><span style=\"font-size: 1.5em; font-weight: bold;\">G\u0103lu\u0219te cu br\u00e2nz\u0103<\/span><span style=\"font-size: 1.5em; font-weight: bold;\"> &#8211; 75g<\/span><span style=\"font-weight: 600; font-size: 1.14em;\"><br \/>(1 g\u0103lu\u0219te cu br\u00e2nz\u0103, zah\u0103r pudr\u0103, topping de vanilie)<\/span><br \/><span style=\"font-size: 14.8px;\">T\u00e1p\u00e9rt\u00e9k\/adag: energia: 222,37 kcal \/ 940,4 kJ; zs\u00edr: 3,67 g; tel\u00edtett zs\u00edrsavak: 0,66 g; sz\u00e9nhidr\u00e1t: 40,12 g; cukrok: 10,23 g; feh\u00e9rj\u00e9k: 7,22 g; s\u00f3: 0,5 g<\/span><\/p>\t\t\t\t\t\t\t\t<\/div>\n\t\t\t\t<\/div>\n\t\t\t\t<div class=\"elementor-element elementor-element-12a6fa9 elementor-widget elementor-widget-heading\" data-id=\"12a6fa9\" data-element_type=\"widget\" data-widget_type=\"heading.default\">\n\t\t\t\t<div class=\"elementor-widget-container\">\n\t\t\t\t\t<h2 class=\"elementor-heading-title elementor-size-default\">6,00.-ron<\/h2>\t\t\t\t<\/div>\n\t\t\t\t<\/div>\n\t\t\t\t<\/div>\n\t\t\t\t<\/div>\n\t\t\t\t\t<\/div>\n\t\t\t\t<\/div>\n\t\t<div class=\"elementor-element elementor-element-01948a0 e-flex e-con-boxed e-con e-parent\" data-id=\"01948a0\" data-element_type=\"container\">\n\t\t\t\t\t<div class=\"e-con-inner\">\n\t\t\t\t<div class=\"elementor-element elementor-element-bbe8cde elementor-widget-divider--view-line elementor-widget elementor-widget-divider\" data-id=\"bbe8cde\" data-element_type=\"widget\" data-widget_type=\"divider.default\">\n\t\t\t\t<div class=\"elementor-widget-container\">\n\t\t\t\t\t\t\t<div class=\"elementor-divider\">\n\t\t\t<span class=\"elementor-divider-separator\">\n\t\t\t\t\t\t<\/span>\n\t\t<\/div>\n\t\t\t\t\t\t<\/div>\n\t\t\t\t<\/div>\n\t\t\t\t\t<\/div>\n\t\t\t\t<\/div>\n\t\t\t\t<\/div>","protected":false},"excerpt":{"rendered":"<p>Desszertek Melba (szezon\u00e1lis) &#8211; 200g(50 g van\u00edli\u00e1s fagylalt, 50 g csokol\u00e1d\u00e9s fagylalt, 50 g epres fagylalt, babapisk\u00f3ta)T\u00e1p\u00e9rt\u00e9k\/adag: energia: 384 kcal \/ 1623 kJ; zs\u00edr: 9,6 g; tel\u00edtett zs\u00edrsavak: 7,2 g; sz\u00e9nhidr\u00e1t: 69 g; cukrok: 54 g; feh\u00e9rj\u00e9k: 5,1 g; s\u00f3: 0,75 g 12,00.-ron Lekv\u00e1ros palacsinta &#8211; 350g(liszt, toj\u00e1s, tej, cukor, s\u00f3, sz\u00f3dav\u00edz, lekv\u00e1r)T\u00e1p\u00e9rt\u00e9k\/adag: energia: 588,48 [&hellip;]<\/p>","protected":false},"author":1,"featured_media":0,"parent":1190,"menu_order":0,"comment_status":"closed","ping_status":"closed","template":"","meta":{"footnotes":""},"class_list":["post-632","page","type-page","status-publish","hentry"],"blocksy_meta":[],"_links":{"self":[{"href":"https:\/\/deszkas.com\/ro\/wp-json\/wp\/v2\/pages\/632","targetHints":{"allow":["GET"]}}],"collection":[{"href":"https:\/\/deszkas.com\/ro\/wp-json\/wp\/v2\/pages"}],"about":[{"href":"https:\/\/deszkas.com\/ro\/wp-json\/wp\/v2\/types\/page"}],"author":[{"embeddable":true,"href":"https:\/\/deszkas.com\/ro\/wp-json\/wp\/v2\/users\/1"}],"replies":[{"embeddable":true,"href":"https:\/\/deszkas.com\/ro\/wp-json\/wp\/v2\/comments?post=632"}],"version-history":[{"count":29,"href":"https:\/\/deszkas.com\/ro\/wp-json\/wp\/v2\/pages\/632\/revisions"}],"predecessor-version":[{"id":1679,"href":"https:\/\/deszkas.com\/ro\/wp-json\/wp\/v2\/pages\/632\/revisions\/1679"}],"up":[{"embeddable":true,"href":"https:\/\/deszkas.com\/ro\/wp-json\/wp\/v2\/pages\/1190"}],"wp:attachment":[{"href":"https:\/\/deszkas.com\/ro\/wp-json\/wp\/v2\/media?parent=632"}],"curies":[{"name":"wp","href":"https:\/\/api.w.org\/{rel}","templated":true}]}}