{"id":1483,"date":"2024-09-02T14:58:34","date_gmt":"2024-09-02T14:58:34","guid":{"rendered":"https:\/\/deszkas.com\/?page_id=1483"},"modified":"2024-09-02T15:04:19","modified_gmt":"2024-09-02T15:04:19","slug":"rolunk","status":"publish","type":"page","link":"https:\/\/deszkas.com\/ro\/rolunk\/","title":{"rendered":"Despre noi"},"content":{"rendered":"<div data-elementor-type=\"wp-page\" data-elementor-id=\"1483\" class=\"elementor elementor-1483\">\n\t\t\t\t<div class=\"elementor-element elementor-element-9e0eab8 e-flex e-con-boxed e-con e-parent\" data-id=\"9e0eab8\" data-element_type=\"container\">\n\t\t\t\t\t<div class=\"e-con-inner\">\n\t\t\t\t<div class=\"elementor-element elementor-element-1dd7697 elementor-widget elementor-widget-heading\" data-id=\"1dd7697\" data-element_type=\"widget\" data-widget_type=\"heading.default\">\n\t\t\t\t<div class=\"elementor-widget-container\">\n\t\t\t\t\t<h1 class=\"elementor-heading-title elementor-size-default\">Despre noi <\/h1>\t\t\t\t<\/div>\n\t\t\t\t<\/div>\n\t\t\t\t\t<\/div>\n\t\t\t\t<\/div>\n\t\t<div class=\"elementor-element elementor-element-9145165 e-flex e-con-boxed e-con e-parent\" data-id=\"9145165\" data-element_type=\"container\">\n\t\t\t\t\t<div class=\"e-con-inner\">\n\t\t\t\t<div class=\"elementor-element elementor-element-030195f elementor-widget elementor-widget-heading\" data-id=\"030195f\" data-element_type=\"widget\" data-widget_type=\"heading.default\">\n\t\t\t\t<div class=\"elementor-widget-container\">\n\t\t\t\t\t<h2 class=\"elementor-heading-title elementor-size-default\">Bine a\u021bi venit la Restaurantul \u0219i Pizzeria Deszk\u00e1s! Restaurantul nostru se afl\u0103 la Cr\u0103ciune\u0219ti, la num\u0103rul 164. La noi tradi\u021biile culinare se \u00eent\u00e2lnesc cu experien\u021bele gastronomice moderne. \u00cen meniul nostru, oferim o gam\u0103 larg\u0103 de pizza preparate din ingrediente proaspete \u0219i delicioase m\u00e2nc\u0103ruri tradi\u021bionale maghiare. Veni\u021bi la noi \u0219i bucura\u021bi-v\u0103 de atmosfera familial\u0103, servirea prietenoas\u0103 \u0219i preparatele de calitate! Pentru rezerv\u0103ri de mas\u0103 sau informa\u021bii suplimentare, v\u0103 rug\u0103m s\u0103 ne suna\u021bi la num\u0103rul de telefon: 0746 404 047. V\u0103 a\u0219tept\u0103m cu drag!<\/h2>\t\t\t\t<\/div>\n\t\t\t\t<\/div>\n\t\t\t\t\t<\/div>\n\t\t\t\t<\/div>\n\t\t<div class=\"elementor-element elementor-element-b5c2d0d e-flex e-con-boxed e-con e-parent\" data-id=\"b5c2d0d\" data-element_type=\"container\">\n\t\t\t\t\t<div class=\"e-con-inner\">\n\t\t\t\t<div class=\"elementor-element elementor-element-b6aa410 elementor-widget-divider--view-line elementor-widget elementor-widget-divider\" data-id=\"b6aa410\" data-element_type=\"widget\" data-widget_type=\"divider.default\">\n\t\t\t\t<div class=\"elementor-widget-container\">\n\t\t\t\t\t\t\t<div class=\"elementor-divider\">\n\t\t\t<span class=\"elementor-divider-separator\">\n\t\t\t\t\t\t<\/span>\n\t\t<\/div>\n\t\t\t\t\t\t<\/div>\n\t\t\t\t<\/div>\n\t\t\t\t\t<\/div>\n\t\t\t\t<\/div>\n\t\t\t\t<\/div>","protected":false},"excerpt":{"rendered":"<p>R\u00f3lunk \u00dcdv\u00f6z\u00f6lj\u00fck a Deszk\u00e1s \u00c9tterem \u00e9s Pizz\u00e9ri\u00e1ban! \u00c9tterm\u00fcnk Ny\u00e1r\u00e1dkar\u00e1csony sz\u00edv\u00e9ben, a 164-es sz\u00e1m alatt tal\u00e1lhat\u00f3, ahol a hagyom\u00e1nyos \u00edzek \u00e9s a modern kulin\u00e1ris \u00e9lm\u00e9nyek tal\u00e1lkoznak. \u00c9tlapunkon friss alapanyagokb\u00f3l k\u00e9sz\u00fclt pizz\u00e1k \u00e9s \u00edzletes magyaros \u00e9telek sz\u00e9les v\u00e1laszt\u00e9k\u00e1t k\u00edn\u00e1ljuk. L\u00e1togasson el hozz\u00e1nk, \u00e9s \u00e9lvezze a csal\u00e1dias hangulatot, a bar\u00e1ts\u00e1gos kiszolg\u00e1l\u00e1st, \u00e9s a min\u0151s\u00e9gi fog\u00e1sokat! Asztalfoglal\u00e1s\u00e9rt vagy tov\u00e1bbi [&hellip;]<\/p>","protected":false},"author":1,"featured_media":0,"parent":0,"menu_order":0,"comment_status":"closed","ping_status":"closed","template":"","meta":{"footnotes":""},"class_list":["post-1483","page","type-page","status-publish","hentry"],"blocksy_meta":[],"_links":{"self":[{"href":"https:\/\/deszkas.com\/ro\/wp-json\/wp\/v2\/pages\/1483","targetHints":{"allow":["GET"]}}],"collection":[{"href":"https:\/\/deszkas.com\/ro\/wp-json\/wp\/v2\/pages"}],"about":[{"href":"https:\/\/deszkas.com\/ro\/wp-json\/wp\/v2\/types\/page"}],"author":[{"embeddable":true,"href":"https:\/\/deszkas.com\/ro\/wp-json\/wp\/v2\/users\/1"}],"replies":[{"embeddable":true,"href":"https:\/\/deszkas.com\/ro\/wp-json\/wp\/v2\/comments?post=1483"}],"version-history":[{"count":7,"href":"https:\/\/deszkas.com\/ro\/wp-json\/wp\/v2\/pages\/1483\/revisions"}],"predecessor-version":[{"id":1490,"href":"https:\/\/deszkas.com\/ro\/wp-json\/wp\/v2\/pages\/1483\/revisions\/1490"}],"wp:attachment":[{"href":"https:\/\/deszkas.com\/ro\/wp-json\/wp\/v2\/media?parent=1483"}],"curies":[{"name":"wp","href":"https:\/\/api.w.org\/{rel}","templated":true}]}}