{"id":1159,"date":"2024-08-31T10:46:07","date_gmt":"2024-08-31T10:46:07","guid":{"rendered":"https:\/\/deszkas.com\/?page_id=1159"},"modified":"2024-08-31T10:49:11","modified_gmt":"2024-08-31T10:49:11","slug":"cookie","status":"publish","type":"page","link":"https:\/\/deszkas.com\/ro\/cookie\/","title":{"rendered":"cookie"},"content":{"rendered":"<div data-elementor-type=\"wp-page\" data-elementor-id=\"1159\" class=\"elementor elementor-1159\">\n\t\t\t\t<div class=\"elementor-element elementor-element-1f4b1b7 e-flex e-con-boxed e-con e-parent\" data-id=\"1f4b1b7\" data-element_type=\"container\">\n\t\t\t\t\t<div class=\"e-con-inner\">\n\t\t\t\t<div class=\"elementor-element elementor-element-6400a4a elementor-widget elementor-widget-heading\" data-id=\"6400a4a\" data-element_type=\"widget\" data-widget_type=\"heading.default\">\n\t\t\t\t<div class=\"elementor-widget-container\">\n\t\t\t\t\t<h1 class=\"elementor-heading-title elementor-size-default\">S\u00fctik (Cookie-k)<\/h1>\t\t\t\t<\/div>\n\t\t\t\t<\/div>\n\t\t\t\t\t<\/div>\n\t\t\t\t<\/div>\n\t\t<div class=\"elementor-element elementor-element-c6e2fc8 e-flex e-con-boxed e-con e-parent\" data-id=\"c6e2fc8\" data-element_type=\"container\">\n\t\t\t\t\t<div class=\"e-con-inner\">\n\t\t\t\t<div class=\"elementor-element elementor-element-191ecf5 elementor-widget elementor-widget-text-editor\" data-id=\"191ecf5\" data-element_type=\"widget\" data-widget_type=\"text-editor.default\">\n\t\t\t\t<div class=\"elementor-widget-container\">\n\t\t\t\t\t\t\t\t\t<p>A <em><strong>deszkas.com<\/strong><\/em> s\u00fctiket haszn\u00e1l.<\/p><p>Ebben a r\u00e9szben t\u00f6bb inform\u00e1ci\u00f3t ny\u00fajtunk a s\u00fctikr\u0151l, azok m\u0171k\u00f6d\u00e9s\u00e9r\u0151l, felhaszn\u00e1l\u00e1s\u00e1r\u00f3l, valamint arr\u00f3l, hogyan kezelheted \u0151ket a weboldalunkon \u00e9s m\u00e1s oldalakon, hogy az online \u00e9lm\u00e9nyed min\u00e9l kellemesebb legyen.<\/p><p><strong>Mik azok a s\u00fctik \u00e9s hogyan m\u0171k\u00f6dnek?<\/strong> Az al\u00e1bbiakban olyan inform\u00e1ci\u00f3kat osztunk meg, amelyek c\u00e9lja, hogy t\u00e1j\u00e9koztassuk a felhaszn\u00e1l\u00f3kat a s\u00fctik elhelyez\u00e9s\u00e9r\u0151l, haszn\u00e1lat\u00e1r\u00f3l \u00e9s kezel\u00e9s\u00e9r\u0151l, amelyeket a <em><strong>deszkas.com <\/strong><\/em>weboldal haszn\u00e1l.<\/p><p>K\u00e9rj\u00fck, hogy figyelmesen olvasd el az al\u00e1bbiakat:<\/p><p>Ez a weboldal saj\u00e1t \u00e9s harmadik f\u00e9lt\u0151l sz\u00e1rmaz\u00f3 s\u00fctiket is haszn\u00e1l, hogy a l\u00e1togat\u00f3k sz\u00e1m\u00e1ra sokkal jobb b\u00f6ng\u00e9sz\u00e9si \u00e9lm\u00e9nyt \u00e9s az ig\u00e9nyeiknek, \u00e9rdekl\u0151d\u00e9si k\u00f6reiknek megfelel\u0151 szolg\u00e1ltat\u00e1sokat ny\u00fajtson.<\/p><p>A \u201emodern web\u201d vagy \u201eweb 2.0\u201d s\u00fctiket haszn\u00e1l, amelyek fontos szerepet j\u00e1tszanak a felhaszn\u00e1l\u00f3k hozz\u00e1f\u00e9r\u00e9s\u00e9nek \u00e9s a k\u00fcl\u00f6nb\u00f6z\u0151 szolg\u00e1ltat\u00e1sok biztos\u00edt\u00e1s\u00e1nak megk\u00f6nny\u00edt\u00e9s\u00e9ben az interneten.<\/p><p><strong>Mik azok a s\u00fctik?<\/strong> Az \u201eInternet Cookie\u201d (b\u00f6ng\u00e9sz\u00e9si s\u00fcti vagy HTTP s\u00fcti) egy kis f\u00e1jl, amely bet\u0171ket \u00e9s sz\u00e1mokat tartalmaz, \u00e9s t\u00e1rol\u00f3dik azon a sz\u00e1m\u00edt\u00f3g\u00e9pen, mobileszk\u00f6z\u00f6n vagy m\u00e1s eszk\u00f6z\u00f6n, amelyr\u0151l a felhaszn\u00e1l\u00f3 hozz\u00e1f\u00e9rt egy weboldalhoz.<\/p><p>A s\u00fcti egy k\u00e9r\u00e9ssel ker\u00fcl k\u00fcld\u00e9sre a web-szerverr\u0151l, ahol a weboldal tal\u00e1lhat\u00f3, a felhaszn\u00e1l\u00f3 b\u00f6ng\u00e9sz\u0151j\u00e9hez (pl. Firefox, Internet Explorer, Chrome stb.), \u00e9s teljesen \u201epassz\u00edv\u201d, azaz nem tartalmaz szoftvereket, v\u00edrusokat vagy k\u00e9mprogramokat, \u00e9s nem f\u00e9r hozz\u00e1 a felhaszn\u00e1l\u00f3 merevlemez\u00e9n t\u00e1rolt inform\u00e1ci\u00f3khoz.<\/p><p>Egy s\u00fcti k\u00e9t r\u00e9szb\u0151l \u00e1ll: a n\u00e9vb\u0151l \u00e9s a s\u00fcti tartalm\u00e1b\u00f3l vagy \u00e9rt\u00e9k\u00e9b\u0151l, \u00e9s egyedi m\u00f3don t\u00e1rsul ahhoz a domainhez, amelyen a weboldal tal\u00e1lhat\u00f3, amely a s\u00fctit k\u00fcldte a b\u00f6ng\u00e9sz\u0151nek (pl. <em><strong>deszkas.com<\/strong><\/em>. A s\u00fcti \u00e9lettartama el\u0151re meghat\u00e1rozott, \u00e9s csak az a web-szerver f\u00e9rhet hozz\u00e1 ism\u00e9t, amely a s\u00fctit k\u00fcldte, amikor a felhaszn\u00e1l\u00f3 visszat\u00e9r az adott weboldalra.<\/p><p>A s\u00fctik nem k\u00e9rnek szem\u00e9lyes inform\u00e1ci\u00f3kat felhaszn\u00e1l\u00e1sukhoz, \u00e9s nem tudj\u00e1k szem\u00e9lyesen azonos\u00edtani az internetfelhaszn\u00e1l\u00f3kat.<\/p><p><strong>A s\u00fctik f\u0151 t\u00edpusai:<\/strong><\/p><ol><li><strong>Munkamenet s\u00fctik:<\/strong> Ezek ideiglenesen t\u00e1rol\u00f3dnak a b\u00f6ng\u00e9sz\u0151 s\u00fcti mapp\u00e1j\u00e1ban, am\u00edg a felhaszn\u00e1l\u00f3 el nem hagyja az adott weboldalt vagy be nem z\u00e1rja a b\u00f6ng\u00e9sz\u0151ablakot.<\/li><li><strong>\u00c1lland\u00f3 s\u00fctik:<\/strong> Ezek hosszabb ideig t\u00e1rol\u00f3dnak a sz\u00e1m\u00edt\u00f3g\u00e9pen vagy eszk\u00f6z\u00f6n, \u00e9s azut\u00e1n is megmaradnak, hogy a felhaszn\u00e1l\u00f3 elhagyta a weboldalt vagy bez\u00e1rta a b\u00f6ng\u00e9sz\u0151t (\u00e1ltal\u00e1ban az el\u0151re meghat\u00e1rozott \u00e9lettartam f\u00fcggv\u00e9nye).<\/li><\/ol><p>Az \u00e1lland\u00f3 s\u00fctik k\u00f6z\u00e9 tartoznak azok is, amelyeket egy m\u00e1sik weboldal helyez el, mint amelyet a felhaszn\u00e1l\u00f3 \u00e9ppen megl\u00e1togat (\u201eharmadik f\u00e9lt\u0151l sz\u00e1rmaz\u00f3 s\u00fctik\u201d), \u00e9s ezeket anonim m\u00f3don lehet haszn\u00e1lni, hogy a felhaszn\u00e1l\u00f3 \u00e9rdekl\u0151d\u00e9s\u00e9nek megfelel\u0151 hirdet\u00e9seket jelen\u00edtsenek meg.<\/p><p><strong>A s\u00fctik el\u0151nyei:<\/strong> A s\u00fctik olyan inform\u00e1ci\u00f3kat tartalmaznak, amelyek kapcsolatot teremtenek egy b\u00f6ng\u00e9sz\u0151 (felhaszn\u00e1l\u00f3) \u00e9s egy adott web-szerver (weboldal) k\u00f6z\u00f6tt. Ha a b\u00f6ng\u00e9sz\u0151 ism\u00e9t hozz\u00e1f\u00e9r az adott web-szerverhez, az olvashatja a m\u00e1r t\u00e1rolt inform\u00e1ci\u00f3kat \u00e9s reag\u00e1lhat ennek megfelel\u0151en.<\/p><p>A s\u00fctik kellemes b\u00f6ng\u00e9sz\u00e9si \u00e9lm\u00e9nyt biztos\u00edtanak a felhaszn\u00e1l\u00f3k sz\u00e1m\u00e1ra, \u00e9s t\u00e1mogatj\u00e1k sz\u00e1mos weboldal er\u0151fesz\u00edt\u00e9seit, hogy k\u00e9nyelmes szolg\u00e1ltat\u00e1sokat ny\u00fajtsanak a felhaszn\u00e1l\u00f3knak, mint p\u00e9ld\u00e1ul az online adatv\u00e9delem be\u00e1ll\u00edt\u00e1sai, a nyelvi preferenci\u00e1k vagy a relev\u00e1ns hirdet\u00e9sek.<\/p><p><strong>A s\u00fctik \u00e9lettartama:<\/strong> A s\u00fctiket a web-szerverek kezelik. \u00c9lettartamuk jelent\u0151sen elt\u00e9rhet att\u00f3l f\u00fcgg\u0151en, hogy milyen c\u00e9lb\u00f3l helyezt\u00e9k el \u0151ket. N\u00e9h\u00e1ny s\u00fcti kiz\u00e1r\u00f3lag egy munkamenetre haszn\u00e1latos (\u201emunkamenet s\u00fctik\u201d), \u00e9s a felhaszn\u00e1l\u00f3 kil\u00e9p\u00e9se ut\u00e1n nem maradnak meg, m\u00edg m\u00e1s s\u00fctik \u00fajra \u00e9s \u00fajra haszn\u00e1latosak, amikor a felhaszn\u00e1l\u00f3 visszat\u00e9r az adott weboldalra (\u201e\u00e1lland\u00f3 s\u00fctik\u201d).<\/p><p>A s\u00fctik azonban b\u00e1rmikor t\u00f6r\u00f6lhet\u0151k a b\u00f6ng\u00e9sz\u0151 be\u00e1ll\u00edt\u00e1sain kereszt\u00fcl.<\/p><p><strong>Harmadik f\u00e9lt\u0151l sz\u00e1rmaz\u00f3 s\u00fctik:<\/strong> A weboldal bizonyos tartalmi r\u00e9szei harmadik f\u00e9lt\u0151l sz\u00e1rmazhatnak (pl. h\u00edrdobozok, vide\u00f3k vagy hirdet\u00e9sek). Ezek a harmadik felek szint\u00e9n elhelyezhetnek s\u00fctiket a weboldalon kereszt\u00fcl, amelyeket \u201eharmadik f\u00e9lt\u0151l sz\u00e1rmaz\u00f3 s\u00fctiknek\u201d nevez\u00fcnk, mert nem az adott weboldal helyezi el \u0151ket. Ezek a szolg\u00e1ltat\u00f3k szint\u00e9n k\u00f6telesek betartani az \u00e9rv\u00e9nyes jogszab\u00e1lyokat \u00e9s a weboldal tulajdonos\u00e1nak adatv\u00e9delmi ir\u00e1nyelveit.<\/p><p><strong>S\u00fctik haszn\u00e1lata ezen a weboldalon:<\/strong> Az oldalunkon val\u00f3 l\u00e1togat\u00e1s sor\u00e1n a k\u00f6vetkez\u0151 c\u00e9lokb\u00f3l helyezhet\u00fcnk el s\u00fctiket:<\/p><ul><li>Webhely teljes\u00edtm\u00e9ny\u00e9nek s\u00fctik<\/li><li>L\u00e1togat\u00f3i elemz\u00e9si s\u00fctik<\/li><li>Regisztr\u00e1ci\u00f3s vagy hiteles\u00edt\u00e9si s\u00fctik<\/li><li>Harmadik f\u00e9lt\u0151l sz\u00e1rmaz\u00f3 s\u00fctik<\/li><\/ul><p><strong>Hogyan kapcsolhat\u00f3k ki a s\u00fctik?<\/strong> A s\u00fctik letilt\u00e1sa \u00e9s azok elfogad\u00e1s\u00e1nak megtagad\u00e1sa bizonyos weboldalakat gyakorlatilag lehetetlenn\u00e9 vagy neh\u00e9zkess\u00e9 tehet l\u00e1togatni \u00e9s haszn\u00e1lni. A s\u00fctik elutas\u00edt\u00e1sa nem jelenti azt, hogy nem fogsz online hirdet\u00e9seket kapni, csup\u00e1n ezek nem veszik figyelembe a kor\u00e1bbi b\u00f6ng\u00e9sz\u00e9si szok\u00e1saidat.<\/p><p>A b\u00f6ng\u00e9sz\u0151d be\u00e1ll\u00edt\u00e1sait m\u00f3dos\u00edthatod \u00fagy, hogy a s\u00fctik ne legyenek elfogadva, vagy be\u00e1ll\u00edthatod, hogy a b\u00f6ng\u00e9sz\u0151 csak egy adott weboldalr\u00f3l fogadjon el s\u00fctiket.<\/p><p>Minden modern b\u00f6ng\u00e9sz\u0151 lehet\u0151s\u00e9get k\u00edn\u00e1l a s\u00fctik be\u00e1ll\u00edt\u00e1sainak megv\u00e1ltoztat\u00e1s\u00e1ra, amelyek \u00e1ltal\u00e1ban az \u201eOpci\u00f3k\u201d vagy \u201eBe\u00e1ll\u00edt\u00e1sok\u201d men\u00fcben tal\u00e1lhat\u00f3k.<\/p>\t\t\t\t\t\t\t\t<\/div>\n\t\t\t\t<\/div>\n\t\t\t\t\t<\/div>\n\t\t\t\t<\/div>\n\t\t<div class=\"elementor-element elementor-element-fda0e02 e-flex e-con-boxed e-con e-parent\" data-id=\"fda0e02\" data-element_type=\"container\">\n\t\t\t\t\t<div class=\"e-con-inner\">\n\t\t\t\t<div class=\"elementor-element elementor-element-c1276cf elementor-widget-divider--view-line elementor-widget elementor-widget-divider\" data-id=\"c1276cf\" data-element_type=\"widget\" data-widget_type=\"divider.default\">\n\t\t\t\t<div class=\"elementor-widget-container\">\n\t\t\t\t\t\t\t<div class=\"elementor-divider\">\n\t\t\t<span class=\"elementor-divider-separator\">\n\t\t\t\t\t\t<\/span>\n\t\t<\/div>\n\t\t\t\t\t\t<\/div>\n\t\t\t\t<\/div>\n\t\t\t\t\t<\/div>\n\t\t\t\t<\/div>\n\t\t\t\t<\/div>","protected":false},"excerpt":{"rendered":"<p>S\u00fctik (Cookie-k) A deszkas.com s\u00fctiket haszn\u00e1l. Ebben a r\u00e9szben t\u00f6bb inform\u00e1ci\u00f3t ny\u00fajtunk a s\u00fctikr\u0151l, azok m\u0171k\u00f6d\u00e9s\u00e9r\u0151l, felhaszn\u00e1l\u00e1s\u00e1r\u00f3l, valamint arr\u00f3l, hogyan kezelheted \u0151ket a weboldalunkon \u00e9s m\u00e1s oldalakon, hogy az online \u00e9lm\u00e9nyed min\u00e9l kellemesebb legyen. Mik azok a s\u00fctik \u00e9s hogyan m\u0171k\u00f6dnek? Az al\u00e1bbiakban olyan inform\u00e1ci\u00f3kat osztunk meg, amelyek c\u00e9lja, hogy t\u00e1j\u00e9koztassuk a felhaszn\u00e1l\u00f3kat a s\u00fctik [&hellip;]<\/p>","protected":false},"author":1,"featured_media":0,"parent":0,"menu_order":0,"comment_status":"closed","ping_status":"closed","template":"","meta":{"footnotes":""},"class_list":["post-1159","page","type-page","status-publish","hentry"],"blocksy_meta":[],"_links":{"self":[{"href":"https:\/\/deszkas.com\/ro\/wp-json\/wp\/v2\/pages\/1159","targetHints":{"allow":["GET"]}}],"collection":[{"href":"https:\/\/deszkas.com\/ro\/wp-json\/wp\/v2\/pages"}],"about":[{"href":"https:\/\/deszkas.com\/ro\/wp-json\/wp\/v2\/types\/page"}],"author":[{"embeddable":true,"href":"https:\/\/deszkas.com\/ro\/wp-json\/wp\/v2\/users\/1"}],"replies":[{"embeddable":true,"href":"https:\/\/deszkas.com\/ro\/wp-json\/wp\/v2\/comments?post=1159"}],"version-history":[{"count":4,"href":"https:\/\/deszkas.com\/ro\/wp-json\/wp\/v2\/pages\/1159\/revisions"}],"predecessor-version":[{"id":1163,"href":"https:\/\/deszkas.com\/ro\/wp-json\/wp\/v2\/pages\/1159\/revisions\/1163"}],"wp:attachment":[{"href":"https:\/\/deszkas.com\/ro\/wp-json\/wp\/v2\/media?parent=1159"}],"curies":[{"name":"wp","href":"https:\/\/api.w.org\/{rel}","templated":true}]}}