{"id":1140,"date":"2024-08-31T10:32:21","date_gmt":"2024-08-31T10:32:21","guid":{"rendered":"https:\/\/deszkas.com\/?page_id=1140"},"modified":"2024-08-31T11:25:28","modified_gmt":"2024-08-31T11:25:28","slug":"felhasznalasi-feltetelek","status":"publish","type":"page","link":"https:\/\/deszkas.com\/ro\/felhasznalasi-feltetelek\/","title":{"rendered":"Felhasznalasi feltetelek"},"content":{"rendered":"<div data-elementor-type=\"wp-page\" data-elementor-id=\"1140\" class=\"elementor elementor-1140\">\n\t\t\t\t<div class=\"elementor-element elementor-element-1f4b1b7 e-flex e-con-boxed e-con e-parent\" data-id=\"1f4b1b7\" data-element_type=\"container\">\n\t\t\t\t\t<div class=\"e-con-inner\">\n\t\t\t\t<div class=\"elementor-element elementor-element-6400a4a elementor-widget elementor-widget-heading\" data-id=\"6400a4a\" data-element_type=\"widget\" data-widget_type=\"heading.default\">\n\t\t\t\t<div class=\"elementor-widget-container\">\n\t\t\t\t\t<h1 class=\"elementor-heading-title elementor-size-default\">Felhaszn\u00e1l\u00e1si felt\u00e9telek<\/h1>\t\t\t\t<\/div>\n\t\t\t\t<\/div>\n\t\t\t\t\t<\/div>\n\t\t\t\t<\/div>\n\t\t<div class=\"elementor-element elementor-element-c6e2fc8 e-flex e-con-boxed e-con e-parent\" data-id=\"c6e2fc8\" data-element_type=\"container\">\n\t\t\t\t\t<div class=\"e-con-inner\">\n\t\t\t\t<div class=\"elementor-element elementor-element-191ecf5 elementor-widget elementor-widget-text-editor\" data-id=\"191ecf5\" data-element_type=\"widget\" data-widget_type=\"text-editor.default\">\n\t\t\t\t<div class=\"elementor-widget-container\">\n\t\t\t\t\t\t\t\t\t<p>A <strong><a href=\"https:\/\/deszkas.com\/ro\/\" target=\"_new\" rel=\"noopener\">www.deszkas.com<\/a><\/strong> webhely, amelyet a tov\u00e1bbiakban Deszk\u00e1s Pizza &amp; Restaurant n\u00e9ven nevez\u00fcnk, a Berczi &amp; Lorand SRL igazgat\u00e1sa alatt \u00e1ll, sz\u00e9khelye: Harasztker\u00e9k 297, \u00c1kosfalva k\u00f6zs\u00e9g, Maros-megye ad\u00f3sz\u00e1m: 33043075, bejegyezve a Kereskedelmi Nyilv\u00e1ntart\u00e1sban: J26\/391\/09.04.2014 sz\u00e1mon.<\/p><p>A webhely haszn\u00e1lata a k\u00f6vetkez\u0151 felt\u00e9telek elfogad\u00e1s\u00e1t jelenti. Javasoljuk, hogy figyelmesen olvasd el az \u00f6sszes felt\u00e9telt, hogy a webhelyet a lehet\u0151 legjobb m\u00f3don haszn\u00e1lhasd.<\/p><p><strong>FELHASZN\u00c1L\u00d3<\/strong><\/p><p>A webhelyet el\u00e9r\u0151 szem\u00e9ly, aki mag\u00e1n- vagy szakmai c\u00e9lb\u00f3l haszn\u00e1lja azt, \u00e9s elfogadta a webhely FELHASZN\u00c1L\u00c1SI FELT\u00c9TELEIT, teljes\u00edtve a regisztr\u00e1ci\u00f3s folyamat \u00f6sszes k\u00f6vetelm\u00e9ny\u00e9t.<\/p><p><strong>VISSZA\u00c9L\u00c9S<\/strong><\/p><p>A WEBHELY haszn\u00e1lata a szakmai gyakorlatokkal, szab\u00e1lyoz\u00e1sokkal \u00e9s a hat\u00e1lyos t\u00f6rv\u00e9nyekkel ellent\u00e9tes m\u00f3don, vagy b\u00e1rmilyen m\u00e1s m\u00f3don, amely k\u00e1ros\u00edthatja c\u00e9g\u00fcnket, vissza\u00e9l\u00e9snek min\u0151s\u00fcl.<\/p><p><strong>A WEBHELY HASZN\u00c1LATA<\/strong><\/p><p>A webhely\u00fcnk\u00f6n k\u00f6zz\u00e9tett inform\u00e1ci\u00f3k \u00e1ltal\u00e1nos \u00e9rdekl\u0151d\u00e9sre sz\u00e1mot tart\u00f3 inform\u00e1ci\u00f3k c\u00e9g\u00fcnkr\u0151l, az \u00e1ltalunk forgalmazott term\u00e9kekr\u0151l, valamint egy\u00e9b, c\u00e9g\u00fcnk \u00e1ltal a felhaszn\u00e1l\u00f3k sz\u00e1m\u00e1ra \u00e9rdekesnek tartott inform\u00e1ci\u00f3kr\u00f3l. Az inform\u00e1ci\u00f3k ingyenesen el\u00e9rhet\u0151k a felhaszn\u00e1l\u00f3k sz\u00e1m\u00e1ra. C\u00e9g\u00fcnk az \u00f6sszes szellemi tulajdonjog tulajdonosa a webhellyel kapcsolatban, bele\u00e9rtve annak kialak\u00edt\u00e1s\u00e1t \u00e9s tartalm\u00e1t.<\/p><p>A felhaszn\u00e1l\u00f3 k\u00f6teles tiszteletben tartani c\u00e9g\u00fcnk minden szellemi tulajdonjog\u00e1t, amelyeket a hat\u00e1lyos t\u00f6rv\u00e9nyek el\u0151\u00edrnak. A felhaszn\u00e1l\u00f3 k\u00f6telezi mag\u00e1t, hogy a webhelyet olyan c\u00e9lokra \u00e9s olyan m\u00f3don haszn\u00e1lja, hogy az ne min\u0151s\u00fclj\u00f6n vissza\u00e9l\u00e9snek.<\/p><p><strong>FELEL\u0150SS\u00c9G KIZ\u00c1R\u00c1SA<\/strong><\/p><p>C\u00e9g\u00fcnk nem v\u00e1llal felel\u0151ss\u00e9get az \u00e1ruh\u00e1zban bemutatott term\u00e9kek le\u00edr\u00e1s\u00e1\u00e9rt. Minden er\u0151fesz\u00edt\u00e9st megtett\u00fcnk annak \u00e9rdek\u00e9ben, hogy minimaliz\u00e1ljuk az elektronikus vagy k\u00e9zi inform\u00e1ci\u00f3szerkeszt\u00e9sb\u0151l ad\u00f3d\u00f3 hib\u00e1kat. A webhelyen bemutatott k\u00e9pek p\u00e9ldak\u00e9nt szolg\u00e1lnak, \u00e9s a sz\u00e1ll\u00edtott term\u00e9kek elt\u00e9rhetnek a webhelyen bemutatott k\u00e9pekt\u0151l a gy\u00e1rt\u00f3k \u00e1ltal el\u0151zetes \u00e9rtes\u00edt\u00e9s n\u00e9lk\u00fcl v\u00e9grehajtott v\u00e1ltoztat\u00e1sok miatt.<\/p><p>C\u00e9g\u00fcnk fenntartja a jogot, hogy b\u00e1rmilyen inform\u00e1ci\u00f3t kieg\u00e9sz\u00edtsen vagy m\u00f3dos\u00edtson a webhelyen. C\u00e9g\u00fcnk nem felel\u0151s a webhely hib\u00e1s m\u0171k\u00f6d\u00e9s\u00e9b\u0151l ered\u0151 k\u00e1rok\u00e9rt, valamint a webhelyen k\u00f6zz\u00e9tett bizonyos linkek el\u00e9rhetetlens\u00e9g\u00e9b\u0151l ered\u0151 k\u00e1rok\u00e9rt.<\/p><p>A t\u00e1rsas\u00e1g k\u00f6telezetts\u00e9geinek maxim\u00e1lis \u00e9rt\u00e9ke b\u00e1rmely \u00fcgyf\u00e9llel szemben a nem teljes\u00edt\u00e9s vagy a nem megfelel\u0151 teljes\u00edt\u00e9s eset\u00e9n a t\u00e1rsas\u00e1g \u00e1ltal az adott \u00fcgyf\u00e9lt\u0151l kapott \u00f6sszegek \u00e9rt\u00e9ke.<\/p><p><strong>A TERM\u00c9KEK GARANCI\u00c1I \u00c9S EL\u00c9RHET\u0150S\u00c9GE<\/strong><\/p><p>Az oldalon kereszt\u00fcl v\u00e1s\u00e1rolt term\u00e9kek az egyes term\u00e9kekre vonatkoz\u00f3 szok\u00e1sos garanci\u00e1val rendelkeznek. C\u00e9g\u00fcnk NEM garant\u00e1lja a megjelen\u00edtett term\u00e9kek rakt\u00e1ron val\u00f3 el\u00e9rhet\u0151s\u00e9g\u00e9t, ez\u00e9rt a t\u00e1rsas\u00e1g jogosult r\u00e9szben vagy eg\u00e9szben nem teljes\u00edteni egy megrendel\u00e9st, ha bizonyos term\u00e9kek m\u00e1r nem szerepelnek az aktu\u00e1lis k\u00edn\u00e1latban, vagy m\u00e1s okok miatt nem el\u00e9rhet\u0151k (p\u00e9ld\u00e1ul pillanatnyi hi\u00e1ny miatt, kiad\u00e1sok elfogy\u00e1sa stb.). Ha a term\u00e9kekre vonatkoz\u00f3 \u00e1rakat vagy egy\u00e9b r\u00e9szleteket hib\u00e1san t\u00fcntett\u00e9k fel, bele\u00e9rtve az adatb\u00e1zisba t\u00f6rt\u00e9n\u0151 helytelen bevitel miatt, c\u00e9g\u00fcnk fenntartja a jogot, hogy t\u00f6r\u00f6lje az adott term\u00e9k sz\u00e1ll\u00edt\u00e1s\u00e1t, \u00e9s a lehet\u0151 legr\u00f6videbb id\u0151n bel\u00fcl \u00e9rtes\u00edtse az \u00fcgyfelet a hiba megjelen\u00e9s\u00e9r\u0151l, ha a sz\u00e1ll\u00edt\u00e1s m\u00e9g nem t\u00f6rt\u00e9nt meg.<\/p><p><strong>CSAL\u00c1S<\/strong><\/p><p>B\u00e1rmilyen pr\u00f3b\u00e1lkoz\u00e1s, hogy egy m\u00e1sik felhaszn\u00e1l\u00f3 szem\u00e9lyes adatait megszerezd, a webhely tartalm\u00e1t m\u00f3dos\u00edtsd, vagy a webhelyet futtat\u00f3 szerver teljes\u00edtm\u00e9ny\u00e9t befoly\u00e1sold, a webhely csal\u00e1si k\u00eds\u00e9rlet\u00e9nek min\u0151s\u00fcl, \u00e9s b\u0171nv\u00e1di elj\u00e1r\u00e1st von maga ut\u00e1n a pr\u00f3b\u00e1lkoz\u00f3(k) ellen.<\/p><p><strong>SZERZ\u0150I JOGOK (COPYRIGHT)<\/strong><\/p><p>A webhely teljes tartalma, bele\u00e9rtve k\u00e9peket, sz\u00f6vegeket, anim\u00e1ci\u00f3kat, programokat, szkripteket \u00e9s b\u00e1rmilyen m\u00e1s adatokat, c\u00e9g\u00fcnk tulajdon\u00e1t k\u00e9pezi, \u00e9s a szerz\u0151i jogi t\u00f6rv\u00e9nyek \u00e9s a szellemi tulajdonjogok v\u00e9delm\u00e9r\u0151l sz\u00f3l\u00f3 t\u00f6rv\u00e9nyek szerint v\u00e9dett. B\u00e1rmelyik fent felsorolt elem c\u00e9g\u00fcnk \u00edr\u00e1sos enged\u00e9lye n\u00e9lk\u00fcli haszn\u00e1lata a hat\u00e1lyos t\u00f6rv\u00e9nyek szerint b\u00fcntetend\u0151. Az esetleges szellemi tulajdonjogokkal kapcsolatos probl\u00e9m\u00e1k bejelent\u00e9s\u00e9hez k\u00e9rj\u00fck, l\u00e9pj kapcsolatba vel\u00fcnk \u00edr\u00e1sban, egy kapcsolatfelv\u00e9teli \u0171rlap kit\u00f6lt\u00e9s\u00e9vel.<\/p><p><strong>VIT\u00c1K<\/strong><\/p><p>Az \u00fcgyfelek \u00e9s a t\u00e1rsas\u00e1g k\u00f6z\u00f6tt felmer\u00fcl\u0151 b\u00e1rmilyen vita b\u00e9k\u00e9s \u00faton ker\u00fcl megold\u00e1sra.<\/p><p>Amennyiben a konfliktus b\u00e9k\u00e9s \u00faton nem old\u00f3dik meg, a rom\u00e1n b\u00edr\u00f3s\u00e1gok hat\u00e1sk\u00f6r\u00e9be tartozik az \u00fcgy.<\/p><p><strong>SZEM\u00c9LYES ADATOK<\/strong><\/p><p>A webhely felhaszn\u00e1l\u00f3inak inform\u00e1ci\u00f3i bizalmasak, \u00e9s csak az \u00fczleti partnerekkel t\u00f6rt\u00e9n\u0151 kereskedelmi kommunik\u00e1ci\u00f3 c\u00e9lj\u00e1b\u00f3l haszn\u00e1lhat\u00f3k fel. B\u00e1rmilyen specifikus adat a term\u00e9kek \u00e1llapot\u00e1val \u00e9s helyzet\u00e9vel kapcsolatban online el\u00e9rhet\u0151, a webhelyen felt\u00fcntetett el\u00e9rhet\u0151s\u00e9geken kereszt\u00fcl.<\/p><p>Webhely\u00fcnk\u00f6n a felhaszn\u00e1l\u00f3 felel\u0151s minden tev\u00e9kenys\u00e9g\u00e9rt, amely szem\u00e9lyes fi\u00f3kj\u00e1nak \u00e9s jelszav\u00e1nak el\u00e9r\u00e9se r\u00e9v\u00e9n t\u00f6rt\u00e9nik. C\u00e9g\u00fcnk nem v\u00e1llal felel\u0151ss\u00e9get a felhaszn\u00e1l\u00f3 hanyags\u00e1g\u00e1b\u00f3l ered\u0151 hib\u00e1k\u00e9rt, amelyek a fi\u00f3k \u00e9s a jelsz\u00f3 biztons\u00e1g\u00e1t \u00e9s titkoss\u00e1g\u00e1t \u00e9rintik.<\/p><p>Ezeknek a felt\u00e9teleknek a jobb meg\u00e9rt\u00e9se \u00e9rdek\u00e9ben k\u00e9rj\u00fck, tanulm\u00e1nyozd a 2001\/677. sz\u00e1m\u00fa t\u00f6rv\u00e9nyt, amely a szem\u00e9lyes adatok kezel\u00e9s\u00e9r\u0151l \u00e9s a szabad adat\u00e1raml\u00e1sr\u00f3l sz\u00f3l.<\/p><p><strong>SZEM\u00c9LYES ADATOK \u00c9S INFORM\u00c1CI\u00d3K BIZTONS\u00c1GA<\/strong><\/p><p>A v\u00e1s\u00e1rl\u00f3k \u00e1ltal megadott szem\u00e9lyes adatokat a t\u00e1rsas\u00e1g kiz\u00e1r\u00f3lag a webhely \u00e1ltal kijel\u00f6lt c\u00e9lokra haszn\u00e1lja fel. A megrendel\u00e9si \u0171rlapon szerepl\u0151 inform\u00e1ci\u00f3k sz\u00fcks\u00e9gesek a megrendel\u00e9sek meger\u0151s\u00edt\u00e9s\u00e9hez, a megrendelt term\u00e9kek kisz\u00e1ll\u00edt\u00e1s\u00e1hoz, az aktu\u00e1lis prom\u00f3ci\u00f3k bejelent\u00e9s\u00e9hez stb., \u00e9s semmilyen esetben nem ker\u00fclnek harmadik f\u00e9lnek \u00e1tad\u00e1sra.<\/p><p>A t\u00e1rsas\u00e1g garant\u00e1lja bizonyos inform\u00e1ci\u00f3k titkoss\u00e1g\u00e1t. Ezek az adatok fizikailag nem l\u00e9teznek a webhelyet futtat\u00f3 szervereken, csak a t\u00e1rsas\u00e1g enged\u00e9lyezett szem\u00e9lyzete f\u00e9rhet hozz\u00e1 a bels\u0151 h\u00e1l\u00f3zaton kereszt\u00fcl.<\/p><p>Minden felhaszn\u00e1l\u00f3 csak a saj\u00e1t szem\u00e9lyes adatait l\u00e1thatja, amelyeket megadott. A webhely biztons\u00e1gi int\u00e9zked\u00e9seket alkalmaz az inform\u00e1ci\u00f3k elveszt\u00e9se, m\u00f3dos\u00edt\u00e1sa vagy helytelen haszn\u00e1lata ellen, amelyeket a t\u00e1rsas\u00e1g ellen\u0151rz\u00e9se alatt tart.<\/p><p>Ha az inform\u00e1ci\u00f3veszt\u00e9s a webhelyet tervez\u0151 \u00e9s t\u00e1rol\u00f3 szoftver hib\u00e1ib\u00f3l ered, a t\u00e1rsas\u00e1g nem v\u00e1llal felel\u0151ss\u00e9get.<\/p><p><strong>A TERM\u00c9KEK VISSZAK\u00dcLD\u00c9SE<\/strong><\/p><p>Az \u00fcgyf\u00e9l az al\u00e1bbi esetekben k\u00e9rheti a term\u00e9kek visszak\u00fcld\u00e9s\u00e9t:<\/p><ol><li>A rendel\u00e9se s\u00falyosan s\u00e9r\u00fclt<\/li><\/ol>\t\t\t\t\t\t\t\t<\/div>\n\t\t\t\t<\/div>\n\t\t\t\t\t<\/div>\n\t\t\t\t<\/div>\n\t\t<div class=\"elementor-element elementor-element-fda0e02 e-flex e-con-boxed e-con e-parent\" data-id=\"fda0e02\" data-element_type=\"container\">\n\t\t\t\t\t<div class=\"e-con-inner\">\n\t\t\t\t<div class=\"elementor-element elementor-element-c1276cf elementor-widget-divider--view-line elementor-widget elementor-widget-divider\" data-id=\"c1276cf\" data-element_type=\"widget\" data-widget_type=\"divider.default\">\n\t\t\t\t<div class=\"elementor-widget-container\">\n\t\t\t\t\t\t\t<div class=\"elementor-divider\">\n\t\t\t<span class=\"elementor-divider-separator\">\n\t\t\t\t\t\t<\/span>\n\t\t<\/div>\n\t\t\t\t\t\t<\/div>\n\t\t\t\t<\/div>\n\t\t\t\t\t<\/div>\n\t\t\t\t<\/div>\n\t\t\t\t<\/div>","protected":false},"excerpt":{"rendered":"<p>Felhaszn\u00e1l\u00e1si felt\u00e9telek A www.deszkas.com webhely, amelyet a tov\u00e1bbiakban Deszk\u00e1s Pizza &amp; Restaurant n\u00e9ven nevez\u00fcnk, a Berczi &amp; Lorand SRL igazgat\u00e1sa alatt \u00e1ll, sz\u00e9khelye: Harasztker\u00e9k 297, \u00c1kosfalva k\u00f6zs\u00e9g, Maros-megye ad\u00f3sz\u00e1m: 33043075, bejegyezve a Kereskedelmi Nyilv\u00e1ntart\u00e1sban: J26\/391\/09.04.2014 sz\u00e1mon. A webhely haszn\u00e1lata a k\u00f6vetkez\u0151 felt\u00e9telek elfogad\u00e1s\u00e1t jelenti. Javasoljuk, hogy figyelmesen olvasd el az \u00f6sszes felt\u00e9telt, hogy a webhelyet [&hellip;]<\/p>","protected":false},"author":1,"featured_media":0,"parent":0,"menu_order":0,"comment_status":"closed","ping_status":"closed","template":"","meta":{"footnotes":""},"class_list":["post-1140","page","type-page","status-publish","hentry"],"blocksy_meta":[],"_links":{"self":[{"href":"https:\/\/deszkas.com\/ro\/wp-json\/wp\/v2\/pages\/1140","targetHints":{"allow":["GET"]}}],"collection":[{"href":"https:\/\/deszkas.com\/ro\/wp-json\/wp\/v2\/pages"}],"about":[{"href":"https:\/\/deszkas.com\/ro\/wp-json\/wp\/v2\/types\/page"}],"author":[{"embeddable":true,"href":"https:\/\/deszkas.com\/ro\/wp-json\/wp\/v2\/users\/1"}],"replies":[{"embeddable":true,"href":"https:\/\/deszkas.com\/ro\/wp-json\/wp\/v2\/comments?post=1140"}],"version-history":[{"count":20,"href":"https:\/\/deszkas.com\/ro\/wp-json\/wp\/v2\/pages\/1140\/revisions"}],"predecessor-version":[{"id":1181,"href":"https:\/\/deszkas.com\/ro\/wp-json\/wp\/v2\/pages\/1140\/revisions\/1181"}],"wp:attachment":[{"href":"https:\/\/deszkas.com\/ro\/wp-json\/wp\/v2\/media?parent=1140"}],"curies":[{"name":"wp","href":"https:\/\/api.w.org\/{rel}","templated":true}]}}