{"id":11,"date":"2024-05-09T14:42:28","date_gmt":"2024-05-09T14:42:28","guid":{"rendered":"https:\/\/deszkas.com\/?page_id=11"},"modified":"2024-09-17T14:25:57","modified_gmt":"2024-09-17T14:25:57","slug":"home","status":"publish","type":"page","link":"https:\/\/deszkas.com\/ro\/","title":{"rendered":"Home"},"content":{"rendered":"<div data-elementor-type=\"wp-page\" data-elementor-id=\"11\" class=\"elementor elementor-11\">\n\t\t\t\t<div class=\"elementor-element elementor-element-824f0e9 e-con-full e-flex e-con e-parent\" data-id=\"824f0e9\" data-element_type=\"container\" data-settings=\"{&quot;background_background&quot;:&quot;classic&quot;}\">\n\t\t\t\t<div class=\"elementor-element elementor-element-ede90ca elementor-widget__width-inherit elementor-absolute animated-slow elementor-invisible elementor-widget elementor-widget-heading\" data-id=\"ede90ca\" data-element_type=\"widget\" data-settings=\"{&quot;_position&quot;:&quot;absolute&quot;,&quot;_animation&quot;:&quot;fadeInRight&quot;}\" data-widget_type=\"heading.default\">\n\t\t\t\t<div class=\"elementor-widget-container\">\n\t\t\t\t\t<h1 class=\"elementor-heading-title elementor-size-default\">DESZK\u00c1S<\/h1>\t\t\t\t<\/div>\n\t\t\t\t<\/div>\n\t\t\t\t<div class=\"elementor-element elementor-element-abda118 elementor-widget__width-inherit elementor-absolute animated-slow elementor-invisible elementor-widget elementor-widget-heading\" data-id=\"abda118\" data-element_type=\"widget\" data-settings=\"{&quot;_position&quot;:&quot;absolute&quot;,&quot;_animation&quot;:&quot;fadeInLeft&quot;}\" data-widget_type=\"heading.default\">\n\t\t\t\t<div class=\"elementor-widget-container\">\n\t\t\t\t\t<h2 class=\"elementor-heading-title elementor-size-default\">Pizza &amp; Restaurant<\/h2>\t\t\t\t<\/div>\n\t\t\t\t<\/div>\n\t\t<div class=\"elementor-element elementor-element-6a42e7c e-con-full e-flex e-con e-child\" data-id=\"6a42e7c\" data-element_type=\"container\" data-settings=\"{&quot;position&quot;:&quot;absolute&quot;}\">\n\t\t\t\t<div class=\"elementor-element elementor-element-698ed34 elementor-widget elementor-widget-html\" data-id=\"698ed34\" data-element_type=\"widget\" data-widget_type=\"html.default\">\n\t\t\t\t<div class=\"elementor-widget-container\">\n\t\t\t\t\t<a href=\"tel:+0746404047\">\n    <button \n      id=\"phoneButton\"\n      style=\"height: 80px; width: 100%;       background-color: rgba(1, 4, 9, 0.8); padding-left: 4px; padding-right: 4px; color: #E1B048; border: none; border-radius: 5px; cursor: pointer; font-size: 36px; font-weight: bold; font-family: 'Alice', serif;       border: 2px solid #E1B048; border-radius: 5px;box-shadow: 0 10px 15px rgba(0, 0, 0, 0.2); animation: pulse 2s infinite;\"\n    >\n      COMAND\u0102 ACUM!\n    <\/button>\n<\/a>\n\n<style>\n    @keyframes pulse {\n      0%, 100% {\n        transform: scale(1);\n      }\n      50% {\n        transform: scale(1.1);\n \n      }\n    }\n<\/style>\t\t\t\t<\/div>\n\t\t\t\t<\/div>\n\t\t\t\t<\/div>\n\t\t<div class=\"elementor-element elementor-element-dd31b3f e-con-full e-flex e-con e-child\" data-id=\"dd31b3f\" data-element_type=\"container\">\n\t\t\t\t<\/div>\n\t\t\t\t<\/div>\n\t\t<div class=\"elementor-element elementor-element-6e1620d e-flex e-con-boxed e-con e-parent\" data-id=\"6e1620d\" data-element_type=\"container\">\n\t\t\t\t\t<div class=\"e-con-inner\">\n\t\t<div class=\"elementor-element elementor-element-b39d9ac e-con-full e-flex e-con e-child\" data-id=\"b39d9ac\" data-element_type=\"container\">\n\t\t\t\t<div class=\"elementor-element elementor-element-263c6ca elementor-widget elementor-widget-heading\" data-id=\"263c6ca\" data-element_type=\"widget\" data-widget_type=\"heading.default\">\n\t\t\t\t<div class=\"elementor-widget-container\">\n\t\t\t\t\t<h5 class=\"elementor-heading-title elementor-size-default\">M\u00c2NC\u0102RURI DELICIOASE<\/h5>\t\t\t\t<\/div>\n\t\t\t\t<\/div>\n\t\t\t\t<div class=\"elementor-element elementor-element-f05c4b3 elementor-widget elementor-widget-text-editor\" data-id=\"f05c4b3\" data-element_type=\"widget\" data-widget_type=\"text-editor.default\">\n\t\t\t\t<div class=\"elementor-widget-container\">\n\t\t\t\t\t\t\t\t\t<p>\u201eDelicios\u201d este cuv\u00e2ntul nostru cheie. Pentru noi, calitatea este primordial\u0103 \u0219i ne asigur\u0103m c\u0103 fiecare produs este \u00eentotdeauna proasp\u0103t \u0219i gustos. Vizita\u021bi-ne \u0219i experimenta\u021bi lumea gusturilor excelente!<\/p>\t\t\t\t\t\t\t\t<\/div>\n\t\t\t\t<\/div>\n\t\t\t\t<\/div>\n\t\t<div class=\"elementor-element elementor-element-d2f37d0 e-con-full e-flex e-con e-child\" data-id=\"d2f37d0\" data-element_type=\"container\">\n\t\t\t\t<div class=\"elementor-element elementor-element-854ddda elementor-widget elementor-widget-heading\" data-id=\"854ddda\" data-element_type=\"widget\" data-widget_type=\"heading.default\">\n\t\t\t\t<div class=\"elementor-widget-container\">\n\t\t\t\t\t<h5 class=\"elementor-heading-title elementor-size-default\">MATERIALE DE BAZ\u0102 PROASPETE<\/h5>\t\t\t\t<\/div>\n\t\t\t\t<\/div>\n\t\t\t\t<div class=\"elementor-element elementor-element-7bf1129 elementor-widget elementor-widget-text-editor\" data-id=\"7bf1129\" data-element_type=\"widget\" data-widget_type=\"text-editor.default\">\n\t\t\t\t<div class=\"elementor-widget-container\">\n\t\t\t\t\t\t\t\t\t<p>La noi, ingredientele sunt \u00eentotdeauna proaspete \u0219i atent selec\u021bionate. Preg\u0103tim fiecare preparat astfel \u00eenc\u00e2t s\u0103 p\u0103str\u0103m c\u00e2t mai bine armonia natural\u0103 a gusturilor \u0219i savoarea lor original\u0103.\u00a0<\/p>\t\t\t\t\t\t\t\t<\/div>\n\t\t\t\t<\/div>\n\t\t\t\t<\/div>\n\t\t<div class=\"elementor-element elementor-element-c7684e6 e-flex e-con-boxed e-con e-child\" data-id=\"c7684e6\" data-element_type=\"container\">\n\t\t\t\t\t<div class=\"e-con-inner\">\n\t\t\t\t<div class=\"elementor-element elementor-element-542677d elementor-widget elementor-widget-heading\" data-id=\"542677d\" data-element_type=\"widget\" data-widget_type=\"heading.default\">\n\t\t\t\t<div class=\"elementor-widget-container\">\n\t\t\t\t\t<h5 class=\"elementor-heading-title elementor-size-default\">LIVRARE LA DOMICILIU<\/h5>\t\t\t\t<\/div>\n\t\t\t\t<\/div>\n\t\t\t\t<div class=\"elementor-element elementor-element-b21b104 elementor-widget elementor-widget-text-editor\" data-id=\"b21b104\" data-element_type=\"widget\" data-widget_type=\"text-editor.default\">\n\t\t\t\t<div class=\"elementor-widget-container\">\n\t\t\t\t\t\t\t\t\t<p>Bucura\u021bi-v\u0103 de preparatele delicioase ale restaurantului nostru \u0219i acas\u0103! Cu serviciul nostru de livrare rapid \u0219i de \u00eencredere, m\u00e2nc\u0103rurile proasp\u0103t preg\u0103tite ajung direct la u\u0219a dumneavoastr\u0103. Comanda\u021bi la num\u0103rul afi\u0219at mai sus.\u00a0<\/p>\t\t\t\t\t\t\t\t<\/div>\n\t\t\t\t<\/div>\n\t\t\t\t\t<\/div>\n\t\t\t\t<\/div>\n\t\t\t\t\t<\/div>\n\t\t\t\t<\/div>\n\t\t<div class=\"elementor-element elementor-element-8d735d2 e-flex e-con-boxed e-con e-parent\" data-id=\"8d735d2\" data-element_type=\"container\">\n\t\t\t\t\t<div class=\"e-con-inner\">\n\t\t\t\t<div class=\"elementor-element elementor-element-6394660 elementor-widget-divider--view-line elementor-widget elementor-widget-divider\" data-id=\"6394660\" data-element_type=\"widget\" data-widget_type=\"divider.default\">\n\t\t\t\t<div class=\"elementor-widget-container\">\n\t\t\t\t\t\t\t<div class=\"elementor-divider\">\n\t\t\t<span class=\"elementor-divider-separator\">\n\t\t\t\t\t\t<\/span>\n\t\t<\/div>\n\t\t\t\t\t\t<\/div>\n\t\t\t\t<\/div>\n\t\t\t\t\t<\/div>\n\t\t\t\t<\/div>\n\t\t<div class=\"elementor-element elementor-element-e9a2f27 e-flex e-con-boxed e-con e-parent\" data-id=\"e9a2f27\" data-element_type=\"container\">\n\t\t\t\t\t<div class=\"e-con-inner\">\n\t\t\t\t<div class=\"elementor-element elementor-element-0bdeb17 elementor-widget elementor-widget-text-editor\" data-id=\"0bdeb17\" data-element_type=\"widget\" data-widget_type=\"text-editor.default\">\n\t\t\t\t<div class=\"elementor-widget-container\">\n\t\t\t\t\t\t\t\t\t<p>LIVR\u0102M TOATE PREPARATELE, INCLUSIV MENIUL ZILEI!<\/p>\t\t\t\t\t\t\t\t<\/div>\n\t\t\t\t<\/div>\n\t\t\t\t<div class=\"elementor-element elementor-element-762b4e7 elementor-widget elementor-widget-text-editor\" data-id=\"762b4e7\" data-element_type=\"widget\" data-widget_type=\"text-editor.default\">\n\t\t\t\t<div class=\"elementor-widget-container\">\n\t\t\t\t\t\t\t\t\t<p>LIVRARE LA DOMICILIU CU TRANSPORT GRATUIT \u00ceN ZONA CR\u0102CIUNE\u0218TI<\/p>\t\t\t\t\t\t\t\t<\/div>\n\t\t\t\t<\/div>\n\t\t\t\t<div class=\"elementor-element elementor-element-6dbf9f8 elementor-widget elementor-widget-text-editor\" data-id=\"6dbf9f8\" data-element_type=\"widget\" data-widget_type=\"text-editor.default\">\n\t\t\t\t<div class=\"elementor-widget-container\">\n\t\t\t\t\t\t\t\t\t<p>ORGANIZ\u0102M EVENIMENTE!<\/p>\t\t\t\t\t\t\t\t<\/div>\n\t\t\t\t<\/div>\n\t\t\t\t\t<\/div>\n\t\t\t\t<\/div>\n\t\t<div class=\"elementor-element elementor-element-5d130f6 e-flex e-con-boxed e-con e-parent\" data-id=\"5d130f6\" data-element_type=\"container\">\n\t\t\t\t\t<div class=\"e-con-inner\">\n\t\t\t\t<div class=\"elementor-element elementor-element-647b8cf elementor-widget-divider--view-line elementor-widget elementor-widget-divider\" data-id=\"647b8cf\" data-element_type=\"widget\" data-widget_type=\"divider.default\">\n\t\t\t\t<div class=\"elementor-widget-container\">\n\t\t\t\t\t\t\t<div class=\"elementor-divider\">\n\t\t\t<span class=\"elementor-divider-separator\">\n\t\t\t\t\t\t<\/span>\n\t\t<\/div>\n\t\t\t\t\t\t<\/div>\n\t\t\t\t<\/div>\n\t\t\t\t\t<\/div>\n\t\t\t\t<\/div>\n\t\t<div class=\"elementor-element elementor-element-26d94f0 e-con-full e-flex e-con e-parent\" data-id=\"26d94f0\" data-element_type=\"container\">\n\t\t\t\t<div class=\"elementor-element elementor-element-ac1c5e4 elementor-widget elementor-widget-google_maps\" data-id=\"ac1c5e4\" data-element_type=\"widget\" data-widget_type=\"google_maps.default\">\n\t\t\t\t<div class=\"elementor-widget-container\">\n\t\t\t\t\t\t\t<div class=\"elementor-custom-embed\">\n\t\t\t<iframe loading=\"lazy\"\n\t\t\t\t\tsrc=\"https:\/\/maps.google.com\/maps?q=craciunesti&#038;t=m&#038;z=14&#038;output=embed&#038;iwloc=near\"\n\t\t\t\t\ttitle=\"craciunesti\"\n\t\t\t\t\taria-label=\"craciunesti\"\n\t\t\t><\/iframe>\n\t\t<\/div>\n\t\t\t\t\t\t<\/div>\n\t\t\t\t<\/div>\n\t\t\t\t<\/div>\n\t\t\t\t<\/div>","protected":false},"excerpt":{"rendered":"<p>DESZK\u00c1S Pizza &#038; Restaurant RENDELJEN MOST! FINOM \u00c9TELEK Az \u201e\u00ednycsikland\u00f3\u201d a kulcsszavunk. Sz\u00e1munkra els\u0151dleges a min\u0151s\u00e9g \u00e9s az, hogy minden term\u00e9k\u00fcnk mindig friss \u00e9s \u00edzletes legyen. L\u00e1togasson el hozz\u00e1nk, \u00e9s tapasztalja meg a kiv\u00e1l\u00f3 \u00edzek vil\u00e1g\u00e1t! FRISS ALAPANYAGOK N\u00e1lunk az alapanyagok mindig frissek \u00e9s gondosan v\u00e1logatottak. Minden \u00e9tel\u00fcnket \u00fagy k\u00e9sz\u00edtj\u00fck, hogy a lehet\u0151 legjobban meg\u0151rizz\u00fck [&hellip;]<\/p>","protected":false},"author":1,"featured_media":0,"parent":0,"menu_order":0,"comment_status":"closed","ping_status":"closed","template":"","meta":{"footnotes":""},"class_list":["post-11","page","type-page","status-publish","hentry"],"blocksy_meta":[],"_links":{"self":[{"href":"https:\/\/deszkas.com\/ro\/wp-json\/wp\/v2\/pages\/11","targetHints":{"allow":["GET"]}}],"collection":[{"href":"https:\/\/deszkas.com\/ro\/wp-json\/wp\/v2\/pages"}],"about":[{"href":"https:\/\/deszkas.com\/ro\/wp-json\/wp\/v2\/types\/page"}],"author":[{"embeddable":true,"href":"https:\/\/deszkas.com\/ro\/wp-json\/wp\/v2\/users\/1"}],"replies":[{"embeddable":true,"href":"https:\/\/deszkas.com\/ro\/wp-json\/wp\/v2\/comments?post=11"}],"version-history":[{"count":295,"href":"https:\/\/deszkas.com\/ro\/wp-json\/wp\/v2\/pages\/11\/revisions"}],"predecessor-version":[{"id":1617,"href":"https:\/\/deszkas.com\/ro\/wp-json\/wp\/v2\/pages\/11\/revisions\/1617"}],"wp:attachment":[{"href":"https:\/\/deszkas.com\/ro\/wp-json\/wp\/v2\/media?parent=11"}],"curies":[{"name":"wp","href":"https:\/\/api.w.org\/{rel}","templated":true}]}}